{"id":1148,"date":"2012-10-26T11:55:09","date_gmt":"2012-10-26T11:55:09","guid":{"rendered":"http:\/\/pastoral.manyanet.org\/wordpress\/?page_id=1148"},"modified":"2016-09-01T09:25:00","modified_gmt":"2016-09-01T09:25:00","slug":"centre-nazarenum","status":"publish","type":"page","link":"https:\/\/pastoral.manyanet.org\/wordpress\/dep-pastoral\/centres-divulgaciodocumentacio\/centre-nazarenum\/","title":{"rendered":"Centro Nazarenum"},"content":{"rendered":"<p>[vc_row][vc_column][rev_slider_vc alias=\u00bbcap_centronazarenum\u00bb][\/vc_column][\/vc_row][vc_row][vc_column][vc_empty_space][\/vc_column][\/vc_row][vc_row][vc_column width=\u00bb1\/6&#8243;][vc_wp_custommenu title=\u00bbPastoral\u00bb nav_menu=\u00bb37&#8243;][\/vc_column][vc_column width=\u00bb5\/6&#8243;][vc_row_inner][vc_column_inner width=\u00bb2\/3&#8243;][vc_custom_heading text=\u00bbCentro Nazarenum\u00bb font_container=\u00bbtag:h4|text_align:left\u00bb use_theme_fonts=\u00bbyes\u00bb][vc_column_text]El <strong>Centro Nazarenum de Barcelona<\/strong> es una iniciativa de los <strong>Hijos de la Sagrada Familia<\/strong> para dar a conocer, profundizar y promover la <strong>espiritualidad y teolog\u00eda de la Sagrada Familia, Jes\u00fas, Mar\u00eda y Jos\u00e9<\/strong>, a trav\u00e9s de las diferentes ramas del saber incluyendo las artes.<\/p>\n<p>Las salas del <strong>Nazarenum<\/strong> sirven de biblioteca, museo, archivo, pinacoteca y hemeroteca y est\u00e1 abierto a estudiantes, profesores, investigadores, religiosos y sacerdotes, y a todas las personas atra\u00eddas hacia la devoci\u00f3n y culto de la Sagrada Familia.<\/p>\n<p><strong>Centro Nazarenum<\/strong> acoge publicaciones, obras de arte y artesan\u00edas, con el tema <strong>Sagrada Familia<\/strong> procedentes de diferentes naciones y culturas. Hay obras contempor\u00e1neas pero tambi\u00e9n colecciones que representan las \u00abedades\u00bb del hombre en su expresi\u00f3n religiosa y espiritual.<\/p>\n<p>Documentos de la Iglesia, encicl\u00edcas, obras teol\u00f3gicas, etc. El <strong>Magisterio de la Iglesia Cat\u00f3lica<\/strong> en un tema tan apasionante como el de la familia y la Sagrada Familia, se halla recogido en las salas del <strong>Nazarenum<\/strong>.<\/p>\n<p>\u00b7 Informaci\u00f3n extra\u00edda de <a href=\"http:\/\/josemanyanet.blogspot.com.es\" target=\"_blank\">http:\/\/josemanyanet.blogspot.com.es<\/a>[\/vc_column_text][\/vc_column_inner][vc_column_inner width=\u00bb1\/3&#8243;][vc_gallery type=\u00bbnivo\u00bb interval=\u00bb3&#8243; images=\u00bb1150,1152,1153,1154,1156,1155&#8243; img_size=\u00bbfull\u00bb onclick=\u00bb\u00bb][\/vc_column_inner][\/vc_row_inner][\/vc_column][\/vc_row][vc_row][vc_column][vc_empty_space height=\u00bb55&#8243;][\/vc_column][\/vc_row]<\/p>","protected":false},"excerpt":{"rendered":"<p>[vc_row][vc_column][rev_slider_vc alias=\u00bbcap_centronazarenum\u00bb][\/vc_column][\/vc_row][vc_row][vc_column][vc_empty_space][\/vc_column][\/vc_row][vc_row][vc_column width=\u00bb1\/6&#8243;][vc_wp_custommenu title=\u00bbPastoral\u00bb nav_menu=\u00bb37&#8243;][\/vc_column][vc_column width=\u00bb5\/6&#8243;][vc_row_inner][vc_column_inner width=\u00bb2\/3&#8243;][vc_custom_heading text=\u00bbCentro Nazarenum\u00bb font_container=\u00bbtag:h4|text_align:left\u00bb use_theme_fonts=\u00bbyes\u00bb][vc_column_text]El Centro Nazarenum de Barcelona es una iniciativa de los &hellip; <a href=\"https:\/\/pastoral.manyanet.org\/wordpress\/dep-pastoral\/centres-divulgaciodocumentacio\/centre-nazarenum\/\" class=\"more-link\">Continue reading <span class=\"screen-reader-text\">Centro Nazarenum<\/span> <span class=\"meta-nav\">&rarr;<\/span><\/a><\/p>\n","protected":false},"author":1,"featured_media":0,"parent":591,"menu_order":1,"comment_status":"closed","ping_status":"closed","template":"","meta":{"_monsterinsights_skip_tracking":false,"_monsterinsights_sitenote_active":false,"_monsterinsights_sitenote_note":"","_monsterinsights_sitenote_category":0,"ngg_post_thumbnail":0,"footnotes":""},"class_list":["post-1148","page","type-page","status-publish","hentry"],"_links":{"self":[{"href":"https:\/\/pastoral.manyanet.org\/wordpress\/wp-json\/wp\/v2\/pages\/1148","targetHints":{"allow":["GET"]}}],"collection":[{"href":"https:\/\/pastoral.manyanet.org\/wordpress\/wp-json\/wp\/v2\/pages"}],"about":[{"href":"https:\/\/pastoral.manyanet.org\/wordpress\/wp-json\/wp\/v2\/types\/page"}],"author":[{"embeddable":true,"href":"https:\/\/pastoral.manyanet.org\/wordpress\/wp-json\/wp\/v2\/users\/1"}],"replies":[{"embeddable":true,"href":"https:\/\/pastoral.manyanet.org\/wordpress\/wp-json\/wp\/v2\/comments?post=1148"}],"version-history":[{"count":17,"href":"https:\/\/pastoral.manyanet.org\/wordpress\/wp-json\/wp\/v2\/pages\/1148\/revisions"}],"predecessor-version":[{"id":4388,"href":"https:\/\/pastoral.manyanet.org\/wordpress\/wp-json\/wp\/v2\/pages\/1148\/revisions\/4388"}],"up":[{"embeddable":true,"href":"https:\/\/pastoral.manyanet.org\/wordpress\/wp-json\/wp\/v2\/pages\/591"}],"wp:attachment":[{"href":"https:\/\/pastoral.manyanet.org\/wordpress\/wp-json\/wp\/v2\/media?parent=1148"}],"curies":[{"name":"wp","href":"https:\/\/api.w.org\/{rel}","templated":true}]}}