{"id":18,"date":"2012-07-17T09:14:22","date_gmt":"2012-07-17T09:14:22","guid":{"rendered":"http:\/\/pastoral.manyanet.org\/wordpress\/?page_id=18"},"modified":"2025-09-01T15:52:03","modified_gmt":"2025-09-01T15:52:03","slug":"inici-de-curs-primaria","status":"publish","type":"page","link":"https:\/\/pastoral.manyanet.org\/wordpress\/infantil-primaria\/inici-de-curs-primaria\/","title":{"rendered":"Inicio de curso"},"content":{"rendered":"<p>[vc_row][vc_column width=\u00bb1\/6&#8243; css=\u00bb.vc_custom_1470255767540{padding-right: 25px !important;}\u00bb][vc_empty_space][pbr_title_heading title=\u00bbTe interesa\u00bb style=\u00bbv4&#8243; font_color=\u00bb#361228&#8243;][vc_wp_custommenu nav_menu=\u00bb6&#8243; title=\u00bbPrimaria\u00bb][vc_single_image image=\u00bb4130&#8243; img_size=\u00bbfull\u00bb onclick=\u00bbcustom_link\u00bb img_link_target=\u00bb_blank\u00bb link=\u00bbhttp:\/\/www.orar.manyanet.org\u00bb][\/vc_column][vc_column width=\u00bb2\/6&#8243;][vc_empty_space][vc_single_image image=\u00bb5926&#8243; img_size=\u00bbfull\u00bb alignment=\u00bbcenter\u00bb][\/vc_column][vc_column width=\u00bb3\/6&#8243;][vc_empty_space][vc_column_text]Este cartel representa el inicio de una nueva aventura: el camino de este curso. Como en los juegos que conocemos, durante el curso<br \/>\naparecen obst\u00e1culos, retos, sorpresas, pero tambi\u00e9n elementos que nos dan fuerza y esperanza. Cada uno de estos s\u00edmbolos nos recuerda el valor de avanzar con energ\u00eda, con vida, con ilusi\u00f3n y con valent\u00eda.<\/p>\n<p>A lo largo del camino, hay una direcci\u00f3n clara: llegar hasta el coraz\u00f3n y m\u00e1s all\u00e1. Eso significa mirar hacia dentro, descubrir qui\u00e9nes somos, cuidar de los dem\u00e1s, crecer en comunidad y transformar el entorno a<br \/>\ntrav\u00e9s de lo que hacemos, sentimos y compartimos. Poner el coraz\u00f3n en lo que hacemos es ir m\u00e1s all\u00e1\u2026 es crecer como grupo y como personas.<\/p>\n<p>La cruz que aparece al final del camino no es una meta r\u00edgida, sino un s\u00edmbolo que nos invita a vivir con sentido, con amor, con compromiso, recordando los valores de Jes\u00fas. Es el recordatorio de que, cuando<br \/>\ncaminamos juntos, acompa\u00f1ados, con alegr\u00eda y valent\u00eda, podemos llegar mucho m\u00e1s lejos.[\/vc_column_text][vc_tta_tabs active_section=\u00bb1&#8243;][vc_tta_section i_type=\u00bblinecons\u00bb src=\u00bb\u00ab\/wordpress\/wp-content\/uploads\/2012\/07\/icono_nen.png\u00ab\u00bb tab_id=\u00bb1470157561722-4a206990-783b3e64-061e\u00bb title=\u00bbCelebraciones\u00bb add_icon=\u00bbtrue\u00bb][vc_raw_html]JTNDZGl2JTIwY2xhc3MlM0QlMjJ0YWJzJTIyJTNFJTBBJTNDaDYlM0VQREYlM0MlMkZoNiUzRSUwQSU1QndwZmlsZWJhc2UlMjB0YWclM0RmaWxlJTIwaWQlM0QyNDU3JTIwJTJGJTVEJTBBJTNDJTJGZGl2JTNFJTBB[\/vc_raw_html][\/vc_tta_section][vc_tta_section i_type=\u00bblinecons\u00bb i_icon_linecons=\u00bbvc_li vc_li-clip\u00bb title=\u00bbDin\u00e1micas\u00bb tab_id=\u00bb1470157561834-5af6662d-55383e64-061e\u00bb add_icon=\u00bbtrue\u00bb][vc_raw_html]JTNDZGl2JTIwY2xhc3MlM0QlMjJ0YWJzJTIyJTNFJTBBJTNDaDYlM0VQREYlM0MlMkZoNiUzRSUwQSU1QndwZmlsZWJhc2UlMjB0YWclM0RmaWxlJTIwaWQlM0QyNDU4JTIwJTJGJTVEJTBBJTBBJTNDJTJGZGl2JTNFJTBB[\/vc_raw_html][\/vc_tta_section][vc_tta_section i_type=\u00bblinecons\u00bb i_icon_linecons=\u00bbvc_li vc_li-pen\u00bb title=\u00bbMateriales\u00bb tab_id=\u00bb1470157617888-36d441d1-77563e64-061e\u00bb add_icon=\u00bbtrue\u00bb][vc_raw_html]JTNDZGl2JTIwY2xhc3MlM0QlMjJ0YWJzJTIyJTNFJTBBJTNDZGl2JTIwc3R5bGUlM0QlMjJ3aWR0aCUzQTI1JTI1JTNCJTIwZmxvYXQlM0FsZWZ0JTNCJTIwbWFyZ2luLWJvdHRvbSUzQTI1cHglM0IlMjIlM0UlMEElM0NpbWclMjBjbGFzcyUzRCUyMmFsaWduY2VudGVyJTIwd3AtaW1hZ2UtMzk4NiUyMHNpemUtbWVkaXVtJTIyJTIwc3JjJTNEJTIyJTJGd29yZHByZXNzJTJGd3AtY29udGVudCUyRnVwbG9hZHMlMkYyMDI1JTJGMDYlMkZQcmltYXJpYS1JbmljaUN1cnMyNl9BNF9FU1AuanBnJTIyJTIwd2lkdGglM0QlMjIxMDYlMjIlMjBoZWlnaHQlM0QlMjIxNTAlMjIlMjAlMkYlM0UlMEElM0MlMkZkaXYlM0UlMEElM0NkaXYlMjBzdHlsZSUzRCUyMndpZHRoJTNBNzUlMjUlM0IlMjBmbG9hdCUzQWxlZnQlM0IlMjIlM0UlMEElM0NoNSUzRUNBUlRFTCUyMElOSUNJTyUyMERFJTIwQ1VSU08lM0MlMkZoNSUzRSUwQSU1QndwZmlsZWJhc2UlMjB0YWclM0RmaWxlJTIwaWQlM0QyNDM1JTIwJTJGJTVEJTBBJTBBJTNDYnIlM0UlMEElMEElM0NoNSUzRU1BVEVSSUFMRVMlM0MlMkZoNSUzRSUwQSU1QndwZmlsZWJhc2UlMjB0YWclM0RmaWxlJTIwaWQlM0QyNDU5JTIwJTJGJTVEJTBBJTVCd3BmaWxlYmFzZSUyMHRhZyUzRGZpbGUlMjBpZCUzRDI0NjAlMjAlMkYlNUQlMEElNUJ3cGZpbGViYXNlJTIwdGFnJTNEZmlsZSUyMGlkJTNEMjQ2MSUyMCUyRiU1RCUwQSUwQSUzQyUyRmRpdiUzRSUwQSUwQSUzQyUyRmRpdiUzRQ==[\/vc_raw_html][\/vc_tta_section][\/vc_tta_tabs][\/vc_column][\/vc_row][vc_row][vc_column][vc_empty_space height=\u00bb50 px\u00bb][\/vc_column][\/vc_row][vc_row][vc_column width=\u00bb1\/4&#8243;][vc_single_image image=\u00bb4127&#8243; img_size=\u00bbfull\u00bb onclick=\u00bbcustom_link\u00bb img_link_target=\u00bb_blank\u00bb link=\u00bbhttp:\/\/www.orar.manyanet.org\u00bb][\/vc_column][vc_column width=\u00bb1\/4&#8243;][vc_single_image image=\u00bb4122&#8243; img_size=\u00bbfull\u00bb onclick=\u00bbcustom_link\u00bb img_link_target=\u00bb_blank\u00bb link=\u00bbhttp:\/\/www.orar.manyanet.org\u00bb][\/vc_column][vc_column width=\u00bb1\/4&#8243;][vc_single_image image=\u00bb4125&#8243; img_size=\u00bbfull\u00bb onclick=\u00bbcustom_link\u00bb img_link_target=\u00bb_blank\u00bb link=\u00bb\/wordpress\/semana-manyanetiana\u00bb][\/vc_column][vc_column width=\u00bb1\/4&#8243;][vc_single_image image=\u00bb4128&#8243; img_size=\u00bbfull\u00bb onclick=\u00bbcustom_link\u00bb link=\u00bb\/wordpress\/historial\/\u00bb][\/vc_column][\/vc_row][vc_row][vc_column][vc_empty_space height=\u00bb100 px\u00bb][\/vc_column][\/vc_row]<\/p>","protected":false},"excerpt":{"rendered":"<p>[vc_row][vc_column width=\u00bb1\/6&#8243; css=\u00bb.vc_custom_1470255767540{padding-right: 25px !important;}\u00bb][vc_empty_space][pbr_title_heading title=\u00bbTe interesa\u00bb style=\u00bbv4&#8243; font_color=\u00bb#361228&#8243;][vc_wp_custommenu nav_menu=\u00bb6&#8243; title=\u00bbPrimaria\u00bb][vc_single_image image=\u00bb4130&#8243; img_size=\u00bbfull\u00bb onclick=\u00bbcustom_link\u00bb img_link_target=\u00bb_blank\u00bb link=\u00bbhttp:\/\/www.orar.manyanet.org\u00bb][\/vc_column][vc_column width=\u00bb2\/6&#8243;][vc_empty_space][vc_single_image image=\u00bb5926&#8243; img_size=\u00bbfull\u00bb alignment=\u00bbcenter\u00bb][\/vc_column][vc_column &hellip; <a href=\"https:\/\/pastoral.manyanet.org\/wordpress\/infantil-primaria\/inici-de-curs-primaria\/\" class=\"more-link\">Continue reading <span class=\"screen-reader-text\">Inicio de curso<\/span> <span class=\"meta-nav\">&rarr;<\/span><\/a><\/p>\n","protected":false},"author":1,"featured_media":0,"parent":5,"menu_order":1,"comment_status":"closed","ping_status":"closed","template":"","meta":{"_monsterinsights_skip_tracking":false,"_monsterinsights_sitenote_active":false,"_monsterinsights_sitenote_note":"","_monsterinsights_sitenote_category":0,"ngg_post_thumbnail":0,"footnotes":""},"class_list":["post-18","page","type-page","status-publish","hentry"],"_links":{"self":[{"href":"https:\/\/pastoral.manyanet.org\/wordpress\/wp-json\/wp\/v2\/pages\/18","targetHints":{"allow":["GET"]}}],"collection":[{"href":"https:\/\/pastoral.manyanet.org\/wordpress\/wp-json\/wp\/v2\/pages"}],"about":[{"href":"https:\/\/pastoral.manyanet.org\/wordpress\/wp-json\/wp\/v2\/types\/page"}],"author":[{"embeddable":true,"href":"https:\/\/pastoral.manyanet.org\/wordpress\/wp-json\/wp\/v2\/users\/1"}],"replies":[{"embeddable":true,"href":"https:\/\/pastoral.manyanet.org\/wordpress\/wp-json\/wp\/v2\/comments?post=18"}],"version-history":[{"count":83,"href":"https:\/\/pastoral.manyanet.org\/wordpress\/wp-json\/wp\/v2\/pages\/18\/revisions"}],"predecessor-version":[{"id":5942,"href":"https:\/\/pastoral.manyanet.org\/wordpress\/wp-json\/wp\/v2\/pages\/18\/revisions\/5942"}],"up":[{"embeddable":true,"href":"https:\/\/pastoral.manyanet.org\/wordpress\/wp-json\/wp\/v2\/pages\/5"}],"wp:attachment":[{"href":"https:\/\/pastoral.manyanet.org\/wordpress\/wp-json\/wp\/v2\/media?parent=18"}],"curies":[{"name":"wp","href":"https:\/\/api.w.org\/{rel}","templated":true}]}}