{"id":228,"date":"2012-09-12T10:42:01","date_gmt":"2012-09-12T10:42:01","guid":{"rendered":"http:\/\/pastoral.manyanet.org\/wordpress\/?page_id=228"},"modified":"2015-07-27T18:20:52","modified_gmt":"2015-07-27T18:20:52","slug":"infantil","status":"publish","type":"page","link":"https:\/\/pastoral.manyanet.org\/wordpress\/infantil\/","title":{"rendered":"Infantil"},"content":{"rendered":"<h4>Campa\u00f1a 2015-16<\/h4>\r\nAqu\u00ed podr\u00e9is encontrar muchos materiales para preparar las celebraciones del colegio. Solo ten\u00e9is que mirar el men\u00fa y seleccionar aquello que necesit\u00e1is. \u00a1Ah!, tambi\u00e9n pod\u00e9is hacer <strong>comentarios<\/strong>, <strong>sugerencias<\/strong> y colgar en el <strong>blog<\/strong> las fotos o v\u00eddeos de vuestras celebraciones.<br\/>\r\n\r\n<img decoding=\"async\" title=\"cartell_portada_infantil\" src=\"\/wordpress\/wp-content\/uploads\/2015\/07\/infantil_IniciCurs15-16_GEN_ESP.jpg\" alt=\"\"  \/>","protected":false},"excerpt":{"rendered":"<p>Campa\u00f1a 2015-16 Aqu\u00ed podr\u00e9is encontrar muchos materiales para preparar las celebraciones del colegio. Solo ten\u00e9is que mirar el men\u00fa y seleccionar aquello que necesit\u00e1is. \u00a1Ah!, tambi\u00e9n pod\u00e9is hacer comentarios, sugerencias y colgar en el blog las fotos o v\u00eddeos de vuestras celebraciones.<\/p>\n","protected":false},"author":1,"featured_media":0,"parent":0,"menu_order":3,"comment_status":"closed","ping_status":"closed","template":"","meta":{"footnotes":""},"class_list":["post-228","page","type-page","status-publish","hentry"],"_links":{"self":[{"href":"https:\/\/pastoral.manyanet.org\/wordpress\/wp-json\/wp\/v2\/pages\/228","targetHints":{"allow":["GET"]}}],"collection":[{"href":"https:\/\/pastoral.manyanet.org\/wordpress\/wp-json\/wp\/v2\/pages"}],"about":[{"href":"https:\/\/pastoral.manyanet.org\/wordpress\/wp-json\/wp\/v2\/types\/page"}],"author":[{"embeddable":true,"href":"https:\/\/pastoral.manyanet.org\/wordpress\/wp-json\/wp\/v2\/users\/1"}],"replies":[{"embeddable":true,"href":"https:\/\/pastoral.manyanet.org\/wordpress\/wp-json\/wp\/v2\/comments?post=228"}],"version-history":[{"count":25,"href":"https:\/\/pastoral.manyanet.org\/wordpress\/wp-json\/wp\/v2\/pages\/228\/revisions"}],"predecessor-version":[{"id":3430,"href":"https:\/\/pastoral.manyanet.org\/wordpress\/wp-json\/wp\/v2\/pages\/228\/revisions\/3430"}],"wp:attachment":[{"href":"https:\/\/pastoral.manyanet.org\/wordpress\/wp-json\/wp\/v2\/media?parent=228"}],"curies":[{"name":"wp","href":"https:\/\/api.w.org\/{rel}","templated":true}]}}