{"id":230,"date":"2012-09-12T10:42:33","date_gmt":"2012-09-12T10:42:33","guid":{"rendered":"http:\/\/pastoral.manyanet.org\/wordpress\/?page_id=230"},"modified":"2025-07-10T11:31:08","modified_gmt":"2025-07-10T11:31:08","slug":"inici-de-curs-inf","status":"publish","type":"page","link":"https:\/\/pastoral.manyanet.org\/wordpress\/infantil\/inici-de-curs-inf\/","title":{"rendered":"Inicio de curso"},"content":{"rendered":"<p>[vc_row][vc_column width=\u00bb1\/6&#8243;][vc_empty_space][vc_wp_custommenu nav_menu=\u00bb4&#8243; title=\u00bbInfantil\u00bb][pbr_title_heading title=\u00bbTe interesa\u00bb style=\u00bbv4&#8243; font_color=\u00bb#361228&#8243;][vc_single_image image=\u00bb4130&#8243; img_size=\u00bbfull\u00bb onclick=\u00bbcustom_link\u00bb img_link_target=\u00bb_blank\u00bb link=\u00bbhttp:\/\/www.orar.manyanet.org\u00bb][\/vc_column][vc_column width=\u00bb2\/6&#8243;][vc_empty_space][vc_single_image image=\u00bb5921&#8243; img_size=\u00bbfull\u00bb alignment=\u00bbcenter\u00bb][\/vc_column][vc_column width=\u00bb3\/6&#8243;][vc_empty_space][vc_column_text]Un nuevo curso, unas nuevas aventuras, unos nuevos retos y para algunos una nueva escuela. Pero todos formamos un gran equipo. \u00a1Qu\u00e9 ilusi\u00f3n!<br \/>\nSomos fant\u00e1sticos superh\u00e9roes y juntos, queremos realizar un viaje vertical, hacia arriba, m\u00e1s all\u00e1 del cielo que vemos con nuestros ojos; un viaje emocionante para conocer el coraz\u00f3n de otras personas. Todos somos Hijos de Dios. Algunas personas las tenemos cerca; pero otras habr\u00e1 que encontrar la ruta para establecer un contacto con ellas.<br \/>\nSube a la nave con nosotros y despega para llegar juntos \u00a1hasta el coraz\u00f3n y m\u00e1s all\u00e1![\/vc_column_text][vc_tta_tabs active_section=\u00bb1&#8243;][vc_tta_section i_type=\u00bblinecons\u00bb src=\u00bb\u00ab\/wordpress\/wp-content\/uploads\/2012\/07\/icono_nen.png\u00ab\u00bb tab_id=\u00bb1470157561722-4a206990-783b\u00bb title=\u00bbCelebraciones\u00bb add_icon=\u00bbtrue\u00bb][vc_raw_html]JTNDZGl2JTIwY2xhc3MlM0QlMjJ0YWJzJTIyJTNFJTBBJTNDaDYlM0VQREYlM0MlMkZoNiUzRSUwQSU1QndwZmlsZWJhc2UlMjB0YWclM0RmaWxlJTIwaWQlM0QyNDQyJTIwJTJGJTVEJTBBJTBBJTNDJTJGZGl2JTNFJTBB[\/vc_raw_html][\/vc_tta_section][vc_tta_section i_type=\u00bblinecons\u00bb i_icon_linecons=\u00bbvc_li vc_li-clip\u00bb title=\u00bbDin\u00e1micas\u00bb tab_id=\u00bb1470157561834-5af6662d-5538&#8243; add_icon=\u00bbtrue\u00bb][vc_raw_html]JTNDZGl2JTIwY2xhc3MlM0QlMjJ0YWJzJTIyJTNFJTBBJTNDaDYlM0VQREYlM0MlMkZoNiUzRSUwQSU1QndwZmlsZWJhc2UlMjB0YWclM0RmaWxlJTIwaWQlM0QyNDQzJTIwJTJGJTVEJTBBJTBBJTNDJTJGZGl2JTNF[\/vc_raw_html][\/vc_tta_section][vc_tta_section i_type=\u00bblinecons\u00bb i_icon_linecons=\u00bbvc_li vc_li-pen\u00bb title=\u00bbMateriales\u00bb tab_id=\u00bb1470157617888-36d441d1-7756&#8243; add_icon=\u00bbtrue\u00bb][vc_raw_html]JTNDZGl2JTIwY2xhc3MlM0QlMjJ0YWJzJTIyJTNFJTBBJTNDZGl2JTIwc3R5bGUlM0QlMjJ3aWR0aCUzQTI1JTI1JTNCJTIwZmxvYXQlM0FsZWZ0JTNCJTIwbWFyZ2luLWJvdHRvbSUzQTI1cHglM0IlMjIlM0UlMEElM0NpbWclMjBjbGFzcyUzRCUyMmFsaWduY2VudGVyJTIwd3AtaW1hZ2UtMzk4NiUyMHNpemUtbWVkaXVtJTIyJTIwc3JjJTNEJTIyJTJGd29yZHByZXNzJTJGd3AtY29udGVudCUyRnVwbG9hZHMlMkYyMDI1JTJGMDYlMkZJbmZhbnRpbC1pbmljaWN1cnMyNl9BNF9FU1AuanBnJTIyJTIwYWx0JTNEJTIyJTIyJTIwd2lkdGglM0QlMjIxMDYlMjIlMjBoZWlnaHQlM0QlMjIxNTAlMjIlMjAlMkYlM0UlMEElM0MlMkZkaXYlM0UlMEElM0NkaXYlMjBzdHlsZSUzRCUyMndpZHRoJTNBNzUlMjUlM0IlMjBmbG9hdCUzQWxlZnQlM0IlMjIlM0UlMEElM0NoNSUzRUNBUlRFTCUyMElOSUNJTyUyMERFJTIwQ1VSU08lM0MlMkZoNSUzRSUwQSU1QndwZmlsZWJhc2UlMjB0YWclM0RmaWxlJTIwaWQlM0QyNDMzJTIwJTJGJTVEJTBBJTNDYnIlMkYlM0UlMEElM0NoNSUzRVBPV0VSUE9JTlQlMjBDRUxFQlJBQ0klQzMlOTNOJTIwSU5JQ0lPJTIwREUlMjBDVVJTTyUzQyUyRmg1JTNFJTBBJTVCd3BmaWxlYmFzZSUyMHRhZyUzRGZpbGUlMjBpZCUzRDI0NDUlMjAlMkYlNUQlMEElM0NiciUyRiUzRSUwQSUzQ2g1JTNFTUFURVJJQUwlMjBESU4lQzMlODFNSUNBJTNDJTJGaDUlM0UlMEElNUJ3cGZpbGViYXNlJTIwdGFnJTNEZmlsZSUyMGlkJTNEMjQ0NCUyMCUyRiU1RCUwQSUzQyUyRmRpdiUzRSUwQSUzQyUyRmRpdiUzRQ==[\/vc_raw_html][\/vc_tta_section][\/vc_tta_tabs][\/vc_column][\/vc_row][vc_row][vc_column][vc_empty_space height=\u00bb50px\u00bb][\/vc_column][\/vc_row][vc_row][vc_column width=\u00bb1\/4&#8243;][vc_single_image image=\u00bb4127&#8243; img_size=\u00bbfull\u00bb onclick=\u00bbcustom_link\u00bb img_link_target=\u00bb_blank\u00bb link=\u00bbhttp:\/\/www.orar.manyanet.org\u00bb][\/vc_column][vc_column width=\u00bb1\/4&#8243;][vc_single_image image=\u00bb4122&#8243; img_size=\u00bbfull\u00bb onclick=\u00bbcustom_link\u00bb img_link_target=\u00bb_blank\u00bb link=\u00bbhttp:\/\/www.orar.manyanet.org\u00bb][\/vc_column][vc_column width=\u00bb1\/4&#8243;][vc_single_image image=\u00bb4125&#8243; img_size=\u00bbfull\u00bb onclick=\u00bbcustom_link\u00bb img_link_target=\u00bb_blank\u00bb link=\u00bbhttp:\/\/www.orar.manyanet.org\u00bb][\/vc_column][vc_column width=\u00bb1\/4&#8243;][vc_single_image image=\u00bb4128&#8243; img_size=\u00bbfull\u00bb onclick=\u00bbcustom_link\u00bb link=\u00bb\/wordpress\/historial\/\u00bb][\/vc_column][\/vc_row][vc_row][vc_column][vc_empty_space height=\u00bb100&#8243;][\/vc_column][\/vc_row]<\/p>","protected":false},"excerpt":{"rendered":"<p>[vc_row][vc_column width=\u00bb1\/6&#8243;][vc_empty_space][vc_wp_custommenu nav_menu=\u00bb4&#8243; title=\u00bbInfantil\u00bb][pbr_title_heading title=\u00bbTe interesa\u00bb style=\u00bbv4&#8243; font_color=\u00bb#361228&#8243;][vc_single_image image=\u00bb4130&#8243; img_size=\u00bbfull\u00bb onclick=\u00bbcustom_link\u00bb img_link_target=\u00bb_blank\u00bb link=\u00bbhttp:\/\/www.orar.manyanet.org\u00bb][\/vc_column][vc_column width=\u00bb2\/6&#8243;][vc_empty_space][vc_single_image image=\u00bb5921&#8243; img_size=\u00bbfull\u00bb alignment=\u00bbcenter\u00bb][\/vc_column][vc_column width=\u00bb3\/6&#8243;][vc_empty_space][vc_column_text]Un nuevo curso, &hellip; <a href=\"https:\/\/pastoral.manyanet.org\/wordpress\/infantil\/inici-de-curs-inf\/\" class=\"more-link\">Continue reading <span class=\"screen-reader-text\">Inicio de curso<\/span> <span class=\"meta-nav\">&rarr;<\/span><\/a><\/p>\n","protected":false},"author":1,"featured_media":0,"parent":228,"menu_order":1,"comment_status":"closed","ping_status":"closed","template":"","meta":{"_monsterinsights_skip_tracking":false,"_monsterinsights_sitenote_active":false,"_monsterinsights_sitenote_note":"","_monsterinsights_sitenote_category":0,"ngg_post_thumbnail":0,"footnotes":""},"class_list":["post-230","page","type-page","status-publish","hentry"],"_links":{"self":[{"href":"https:\/\/pastoral.manyanet.org\/wordpress\/wp-json\/wp\/v2\/pages\/230","targetHints":{"allow":["GET"]}}],"collection":[{"href":"https:\/\/pastoral.manyanet.org\/wordpress\/wp-json\/wp\/v2\/pages"}],"about":[{"href":"https:\/\/pastoral.manyanet.org\/wordpress\/wp-json\/wp\/v2\/types\/page"}],"author":[{"embeddable":true,"href":"https:\/\/pastoral.manyanet.org\/wordpress\/wp-json\/wp\/v2\/users\/1"}],"replies":[{"embeddable":true,"href":"https:\/\/pastoral.manyanet.org\/wordpress\/wp-json\/wp\/v2\/comments?post=230"}],"version-history":[{"count":126,"href":"https:\/\/pastoral.manyanet.org\/wordpress\/wp-json\/wp\/v2\/pages\/230\/revisions"}],"predecessor-version":[{"id":5937,"href":"https:\/\/pastoral.manyanet.org\/wordpress\/wp-json\/wp\/v2\/pages\/230\/revisions\/5937"}],"up":[{"embeddable":true,"href":"https:\/\/pastoral.manyanet.org\/wordpress\/wp-json\/wp\/v2\/pages\/228"}],"wp:attachment":[{"href":"https:\/\/pastoral.manyanet.org\/wordpress\/wp-json\/wp\/v2\/media?parent=230"}],"curies":[{"name":"wp","href":"https:\/\/api.w.org\/{rel}","templated":true}]}}