{"id":232,"date":"2012-09-12T10:43:10","date_gmt":"2012-09-12T10:43:10","guid":{"rendered":"http:\/\/pastoral.manyanet.org\/wordpress\/?page_id=232"},"modified":"2025-11-17T08:23:25","modified_gmt":"2025-11-17T08:23:25","slug":"advent-inf","status":"publish","type":"page","link":"https:\/\/pastoral.manyanet.org\/wordpress\/infantil\/advent-inf\/","title":{"rendered":"Adviento \/ Navidad"},"content":{"rendered":"<p>[vc_row][vc_column width=\u00bb1\/6&#8243;][vc_empty_space][vc_wp_custommenu nav_menu=\u00bb4&#8243; title=\u00bbInfantil\u00bb][pbr_title_heading title=\u00bbTe interesa\u00bb style=\u00bbv4&#8243; font_color=\u00bb#361228&#8243;][vc_single_image image=\u00bb4130&#8243; img_size=\u00bbfull\u00bb onclick=\u00bbcustom_link\u00bb img_link_target=\u00bb_blank\u00bb link=\u00bbhttp:\/\/www.orar.manyanet.org\u00bb][\/vc_column][vc_column width=\u00bb2\/6&#8243;][vc_empty_space][vc_single_image image=\u00bb5943&#8243; img_size=\u00bbfull\u00bb alignment=\u00bbcenter\u00bb][\/vc_column][vc_column width=\u00bb3\/6&#8243;][vc_empty_space][vc_column_text]El \u201cCORAZ\u00d3N\u201d de la Navidad es Jes\u00fas, Hijo de Dios, Hijo de Mar\u00eda e Hijo de Jos\u00e9. Alrededor de este CORAZ\u00d3N, todas las costumbres, celebraciones, ambientaciones\u2026 propios de la alegr\u00eda y el gozo de sabernos queridos por Jes\u00fas.<br \/>\nLa familia, custodiando estas fechas y esta tradici\u00f3n, compartiendo las comidas, cantando y celebrando el Nacimiento de El Salvador; pero tambi\u00e9n recordando a aquellos que ya no est\u00e1n, esperanzados de encontrarnos alg\u00fan d\u00eda en el Cielo y disfrutar de la presencia de Dios.<br \/>\nSan Jos\u00e9 Manyanet, Profeta de la Familia, nos ayuda, nos orienta y nos ense\u00f1a a amar a la Sagrada Familia. Alabada sea la Sagrada Familia: \u00a1Jes\u00fas, Mar\u00eda y Jos\u00e9![\/vc_column_text][vc_tta_tabs active_section=\u00bb1&#8243;][vc_tta_section i_type=\u00bblinecons\u00bb src=\u00bb\u00ab\/wordpress\/wp-content\/uploads\/2012\/07\/icono_nen.png\u00ab\u00bb tab_id=\u00bb1470157561722-4a206990-783bd315-c07c\u00bb title=\u00bbCelebraciones\u00bb add_icon=\u00bbtrue\u00bb][vc_raw_html]JTNDZGl2JTIwY2xhc3MlM0QlMjJ0YWJzJTIyJTNFJTBBJTNDaDYlM0VQREYlM0MlMkZoNiUzRSUwQSU1QndwZmlsZWJhc2UlMjB0YWclM0RmaWxlJTIwaWQlM0QyNDY5JTIwJTJGJTVEJTBBJTNDJTJGZGl2JTNFJTBB[\/vc_raw_html][\/vc_tta_section][vc_tta_section i_type=\u00bblinecons\u00bb i_icon_linecons=\u00bbvc_li vc_li-clip\u00bb title=\u00bbDin\u00e1micas\u00bb tab_id=\u00bb1470157561834-5af6662d-5538d315-c07c\u00bb add_icon=\u00bbtrue\u00bb][vc_raw_html]JTNDZGl2JTIwY2xhc3MlM0QlMjJ0YWJzJTIyJTNFJTBBJTNDaDYlM0VQREYlM0MlMkZoNiUzRSUwQSU1QndwZmlsZWJhc2UlMjB0YWclM0RmaWxlJTIwaWQlM0QyNDcwJTIwJTJGJTVEJTBBJTNDJTJGZGl2JTNFJTBB[\/vc_raw_html][\/vc_tta_section][vc_tta_section i_type=\u00bblinecons\u00bb i_icon_linecons=\u00bbvc_li vc_li-pen\u00bb title=\u00bbMateriales\u00bb tab_id=\u00bb1470157617888-36d441d1-7756d315-c07c\u00bb add_icon=\u00bbtrue\u00bb][vc_raw_html]JTNDZGl2JTIwY2xhc3MlM0QlMjJ0YWJzJTIyJTNFJTBBJTNDZGl2JTIwc3R5bGUlM0QlMjJ3aWR0aCUzQTI1JTI1JTNCJTIwZmxvYXQlM0FsZWZ0JTNCJTIwbWFyZ2luLWJvdHRvbSUzQTI1cHglM0IlMjIlM0UlMEElM0NpbWclMjBjbGFzcyUzRCUyMmFsaWduY2VudGVyJTIwd3AtaW1hZ2UtMzk4NiUyMHNpemUtbWVkaXVtJTIyJTIwc3JjJTNEJTIyJTJGd29yZHByZXNzJTJGd3AtY29udGVudCUyRnVwbG9hZHMlMkYyMDI1JTJGMTElMkZJbmZhbnRpbC1hZHZlbnRuYWRhbDI1X0E0X0VTUC5qcGclMjIlMjBhbHQlM0QlMjJpbmZhbnRpbF9pbmljaTE3X0E0X0VTUCUyMiUyMHdpZHRoJTNEJTIyMTA2JTIyJTIwaGVpZ2h0JTNEJTIyMTUwJTIyJTIwJTJGJTNFJTBBJTNDJTJGZGl2JTNFJTBBJTNDZGl2JTIwc3R5bGUlM0QlMjJ3aWR0aCUzQTc1JTI1JTNCJTIwZmxvYXQlM0FsZWZ0JTNCJTIyJTNFJTBBJTNDaDUlM0VDQVJURUwlMjBBRFZJRU5UTyUzQyUyRmg1JTNFJTBBJTVCd3BmaWxlYmFzZSUyMHRhZyUzRGZpbGUlMjBpZCUzRDI0NjglMjAlMkYlNUQlMEElM0NiciUyRiUzRSUwQSUzQ2g1JTNFUE9XRVJQT0lOVCUyMENFTEVCUkFDSSVDMyU5M04lMjBBRFZJRU5UTyUzQyUyRmg1JTNFJTBBJTVCd3BmaWxlYmFzZSUyMHRhZyUzRGZpbGUlMjBpZCUzRDI0NzElMjAlMkYlNUQlMEElM0NiciUzRSUwQSUzQ2g1JTNFTUFURVJJQUxFUyUyMERJTiVDMyU4MU1JQ0ElM0MlMkZoNSUzRSUwQSU1QndwZmlsZWJhc2UlMjB0YWclM0RmaWxlJTIwaWQlM0QyNDcyJTIwJTJGJTVEJTBBJTVCd3BmaWxlYmFzZSUyMHRhZyUzRGZpbGUlMjBpZCUzRDI0NzMlMjAlMkYlNUQlMEElM0MlMkZkaXYlM0UlMEElM0MlMkZkaXYlM0U=[\/vc_raw_html][\/vc_tta_section][\/vc_tta_tabs][\/vc_column][\/vc_row][vc_row][vc_column][vc_empty_space height=\u00bb50px\u00bb][\/vc_column][\/vc_row][vc_row][vc_column width=\u00bb1\/4&#8243;][vc_single_image image=\u00bb4127&#8243; img_size=\u00bbfull\u00bb onclick=\u00bbcustom_link\u00bb img_link_target=\u00bb_blank\u00bb link=\u00bbhttp:\/\/www.orar.manyanet.org\u00bb][\/vc_column][vc_column width=\u00bb1\/4&#8243;][vc_single_image image=\u00bb4122&#8243; img_size=\u00bbfull\u00bb onclick=\u00bbcustom_link\u00bb img_link_target=\u00bb_blank\u00bb link=\u00bbhttp:\/\/www.orar.manyanet.org\u00bb][\/vc_column][vc_column width=\u00bb1\/4&#8243;][vc_single_image image=\u00bb4125&#8243; img_size=\u00bbfull\u00bb onclick=\u00bbcustom_link\u00bb img_link_target=\u00bb_blank\u00bb link=\u00bbhttp:\/\/www.orar.manyanet.org\u00bb][\/vc_column][vc_column width=\u00bb1\/4&#8243;][vc_single_image image=\u00bb4128&#8243; img_size=\u00bbfull\u00bb onclick=\u00bbcustom_link\u00bb link=\u00bb\/wordpress\/historial\/\u00bb][\/vc_column][\/vc_row][vc_row][vc_column][vc_empty_space height=\u00bb100&#8243;][\/vc_column][\/vc_row]<\/p>","protected":false},"excerpt":{"rendered":"<p>[vc_row][vc_column width=\u00bb1\/6&#8243;][vc_empty_space][vc_wp_custommenu nav_menu=\u00bb4&#8243; title=\u00bbInfantil\u00bb][pbr_title_heading title=\u00bbTe interesa\u00bb style=\u00bbv4&#8243; font_color=\u00bb#361228&#8243;][vc_single_image image=\u00bb4130&#8243; img_size=\u00bbfull\u00bb onclick=\u00bbcustom_link\u00bb img_link_target=\u00bb_blank\u00bb link=\u00bbhttp:\/\/www.orar.manyanet.org\u00bb][\/vc_column][vc_column width=\u00bb2\/6&#8243;][vc_empty_space][vc_single_image image=\u00bb5943&#8243; img_size=\u00bbfull\u00bb alignment=\u00bbcenter\u00bb][\/vc_column][vc_column width=\u00bb3\/6&#8243;][vc_empty_space][vc_column_text]El \u201cCORAZ\u00d3N\u201d de &hellip; <a href=\"https:\/\/pastoral.manyanet.org\/wordpress\/infantil\/advent-inf\/\" class=\"more-link\">Continue reading <span class=\"screen-reader-text\">Adviento \/ Navidad<\/span> <span class=\"meta-nav\">&rarr;<\/span><\/a><\/p>\n","protected":false},"author":1,"featured_media":0,"parent":228,"menu_order":2,"comment_status":"closed","ping_status":"closed","template":"","meta":{"_monsterinsights_skip_tracking":false,"_monsterinsights_sitenote_active":false,"_monsterinsights_sitenote_note":"","_monsterinsights_sitenote_category":0,"ngg_post_thumbnail":0,"footnotes":""},"class_list":["post-232","page","type-page","status-publish","hentry"],"_links":{"self":[{"href":"https:\/\/pastoral.manyanet.org\/wordpress\/wp-json\/wp\/v2\/pages\/232","targetHints":{"allow":["GET"]}}],"collection":[{"href":"https:\/\/pastoral.manyanet.org\/wordpress\/wp-json\/wp\/v2\/pages"}],"about":[{"href":"https:\/\/pastoral.manyanet.org\/wordpress\/wp-json\/wp\/v2\/types\/page"}],"author":[{"embeddable":true,"href":"https:\/\/pastoral.manyanet.org\/wordpress\/wp-json\/wp\/v2\/users\/1"}],"replies":[{"embeddable":true,"href":"https:\/\/pastoral.manyanet.org\/wordpress\/wp-json\/wp\/v2\/comments?post=232"}],"version-history":[{"count":143,"href":"https:\/\/pastoral.manyanet.org\/wordpress\/wp-json\/wp\/v2\/pages\/232\/revisions"}],"predecessor-version":[{"id":5947,"href":"https:\/\/pastoral.manyanet.org\/wordpress\/wp-json\/wp\/v2\/pages\/232\/revisions\/5947"}],"up":[{"embeddable":true,"href":"https:\/\/pastoral.manyanet.org\/wordpress\/wp-json\/wp\/v2\/pages\/228"}],"wp:attachment":[{"href":"https:\/\/pastoral.manyanet.org\/wordpress\/wp-json\/wp\/v2\/media?parent=232"}],"curies":[{"name":"wp","href":"https:\/\/api.w.org\/{rel}","templated":true}]}}