{"id":25,"date":"2012-07-17T09:16:20","date_gmt":"2012-07-17T09:16:20","guid":{"rendered":"http:\/\/pastoral.manyanet.org\/wordpress\/?page_id=25"},"modified":"2025-11-24T10:52:50","modified_gmt":"2025-11-24T10:52:50","slug":"advent","status":"publish","type":"page","link":"https:\/\/pastoral.manyanet.org\/wordpress\/infantil-primaria\/advent\/","title":{"rendered":"Adviento \/ Navidad"},"content":{"rendered":"[vc_row][vc_column width=\"1\/6\" css=\".vc_custom_1470255767540{padding-right: 25px !important;}\"][vc_empty_space][vc_wp_custommenu nav_menu=\"6\" title=\"Primaria\"][pbr_title_heading title=\"Te interesa\" style=\"v4\" font_color=\"#361228\"][vc_single_image image=\"4130\" img_size=\"full\" onclick=\"custom_link\" img_link_target=\"_blank\" link=\"http:\/\/www.orar.manyanet.org\"][\/vc_column][vc_column width=\"2\/6\"][vc_empty_space][vc_single_image image=\"5949\" img_size=\"full\" alignment=\"center\"][\/vc_column][vc_column width=\"3\/6\"][vc_empty_space][vc_column_text]Esta Navidad queremos hacer un viaje hacia lo que es verdaderamente importante, hacia la esencia que se esconde detr\u00e1s de las luces y los regalos: el coraz\u00f3n de la Navidad. All\u00ed encontramos una serie de valores que, adem\u00e1s, hacen referencia a las figuras m\u00e1s importantes de esta \u00e9poca, como por ejemplo: la ternura de Mar\u00eda, la confianza de Jos\u00e9, la luz del Ni\u00f1o Jes\u00fas o la paz del \u00c1ngel.\r\nEl \u00e1rbol de Navidad, que preside el cartel, simboliza el camino que nos lleva hasta el coraz\u00f3n de la Navidad, donde late la luz de Jes\u00fas y todo aquello que nos une como familia, como escuela y como comunidad. Y t\u00fa, \u00bfquieres descubrir qu\u00e9 hay en el coraz\u00f3n de la Navidad?[\/vc_column_text][vc_tta_tabs active_section=\"1\"][vc_tta_section i_type=\"linecons\" src=\"``\/wordpress\/wp-content\/uploads\/2012\/07\/icono_nen.png``\" tab_id=\"1470157561722-4a206990-783b3e64-061ebce5-452c0c00-5052\" title=\"Celebraciones\" add_icon=\"true\"][vc_raw_html]JTNDZGl2JTIwY2xhc3MlM0QlMjJ0YWJzJTIyJTNFJTBBJTNDaDYlM0VQREYlM0MlMkZoNiUzRSUwQSU1QndwZmlsZWJhc2UlMjB0YWclM0RmaWxlJTIwaWQlM0QyNDc4JTIwJTJGJTVEJTBBJTNDJTJGZGl2JTNFJTBB[\/vc_raw_html][\/vc_tta_section][vc_tta_section i_type=\"linecons\" i_icon_linecons=\"vc_li vc_li-clip\" title=\"Din\u00e1micas\" tab_id=\"1470157561834-5af6662d-55383e64-061ebce5-452c0c00-5052\" add_icon=\"true\"][vc_raw_html]JTNDZGl2JTIwY2xhc3MlM0QlMjJ0YWJzJTIyJTNFJTBBJTNDaDYlM0VQREYlM0MlMkZoNiUzRSUwQSU1QndwZmlsZWJhc2UlMjB0YWclM0RmaWxlJTIwaWQlM0QyNDc5JTIwJTJGJTVEJTBBJTNDJTJGZGl2JTNFJTBB[\/vc_raw_html][\/vc_tta_section][vc_tta_section i_type=\"linecons\" i_icon_linecons=\"vc_li vc_li-pen\" title=\"Materiales\" tab_id=\"1470157617888-36d441d1-77563e64-061ebce5-452c0c00-5052\" add_icon=\"true\"][vc_raw_html]JTNDZGl2JTIwY2xhc3MlM0QlMjJ0YWJzJTIyJTNFJTBBJTNDZGl2JTIwc3R5bGUlM0QlMjJ3aWR0aCUzQTI1JTI1JTNCJTIwZmxvYXQlM0FsZWZ0JTNCJTIwbWFyZ2luLWJvdHRvbSUzQTI1cHglM0IlMjIlM0UlMEElM0NpbWclMjBjbGFzcyUzRCUyMmFsaWduY2VudGVyJTIwd3AtaW1hZ2UtMzk4NiUyMHNpemUtbWVkaXVtJTIyJTIwc3JjJTNEJTIyJTJGd29yZHByZXNzJTJGd3AtY29udGVudCUyRnVwbG9hZHMlMkYyMDI1JTJGMTElMkZQcmltYXJpYS1BZHZlbnQyNV9BNF9FU1AuanBnJTIyJTIwd2lkdGglM0QlMjIxMDYlMjIlMjBoZWlnaHQlM0QlMjIxNTAlMjIlMjAlMkYlM0UlMEElM0MlMkZkaXYlM0UlMEElM0NkaXYlMjBzdHlsZSUzRCUyMndpZHRoJTNBNzUlMjUlM0IlMjBmbG9hdCUzQWxlZnQlM0IlMjIlM0UlMEElM0NoNSUzRUNBUlRFTCUyMEFEVklFTlRPJTNDJTJGaDUlM0UlMEElNUJ3cGZpbGViYXNlJTIwdGFnJTNEZmlsZSUyMGlkJTNEMjQ5MSUyMCUyRiU1RCUwQSUzQ2JyJTJGJTNFJTBBJTNDaDUlM0VNQVRFUklBTCUyMERJTiVDMyU4MU1JQ0ElM0MlMkZoNSUzRSUwQSU1QndwZmlsZWJhc2UlMjB0YWclM0RmaWxlJTIwaWQlM0QyNDg5JTJGJTVEJTBBJTVCd3BmaWxlYmFzZSUyMHRhZyUzRGZpbGUlMjBpZCUzRDI0NzMlMjAlMkYlNUQlMEElM0MlMkZkaXYlM0UlMEElM0MlMkZkaXYlM0U=[\/vc_raw_html][\/vc_tta_section][\/vc_tta_tabs][\/vc_column][\/vc_row][vc_row][vc_column][vc_empty_space height=\"50 px\"][\/vc_column][\/vc_row][vc_row][vc_column width=\"1\/4\"][vc_single_image image=\"4127\" img_size=\"full\" onclick=\"custom_link\" img_link_target=\"_blank\" link=\"http:\/\/www.orar.manyanet.org\"][\/vc_column][vc_column width=\"1\/4\"][vc_single_image image=\"4122\" img_size=\"full\" onclick=\"custom_link\" img_link_target=\"_blank\" link=\"http:\/\/www.orar.manyanet.org\"][\/vc_column][vc_column width=\"1\/4\"][vc_single_image image=\"4125\" img_size=\"full\" onclick=\"custom_link\" img_link_target=\"_blank\" link=\"\/wordpress\/semana-manyanetiana\"][\/vc_column][vc_column width=\"1\/4\"][vc_single_image image=\"4128\" img_size=\"full\" onclick=\"custom_link\" link=\"\/wordpress\/historial\/\"][\/vc_column][\/vc_row][vc_row][vc_column][vc_empty_space height=\"100 px\"][\/vc_column][\/vc_row]","protected":false},"excerpt":{"rendered":"<p>[vc_row][vc_column width=\u00bb1\/6&#8243; css=\u00bb.vc_custom_1470255767540{padding-right: 25px !important;}\u00bb][vc_empty_space][vc_wp_custommenu nav_menu=\u00bb6&#8243; title=\u00bbPrimaria\u00bb][pbr_title_heading title=\u00bbTe interesa\u00bb style=\u00bbv4&#8243; font_color=\u00bb#361228&#8243;][vc_single_image image=\u00bb4130&#8243; img_size=\u00bbfull\u00bb onclick=\u00bbcustom_link\u00bb img_link_target=\u00bb_blank\u00bb link=\u00bbhttp:\/\/www.orar.manyanet.org\u00bb][\/vc_column][vc_column width=\u00bb2\/6&#8243;][vc_empty_space][vc_single_image image=\u00bb5949&#8243; img_size=\u00bbfull\u00bb alignment=\u00bbcenter\u00bb][\/vc_column][vc_column width=\u00bb3\/6&#8243;][vc_empty_space][vc_column_text]Esta Navidad queremos hacer un viaje hacia lo que es verdaderamente importante, hacia la esencia que se esconde detr\u00e1s de las luces y los regalos: el coraz\u00f3n de la Navidad. All\u00ed encontramos una serie de &hellip; <a href=\"https:\/\/pastoral.manyanet.org\/wordpress\/infantil-primaria\/advent\/\" class=\"more-link\">Continue reading <span class=\"screen-reader-text\">Adviento \/ Navidad<\/span> <span class=\"meta-nav\">&rarr;<\/span><\/a><\/p>\n","protected":false},"author":1,"featured_media":0,"parent":5,"menu_order":2,"comment_status":"closed","ping_status":"closed","template":"","meta":{"footnotes":""},"class_list":["post-25","page","type-page","status-publish","hentry"],"_links":{"self":[{"href":"https:\/\/pastoral.manyanet.org\/wordpress\/wp-json\/wp\/v2\/pages\/25","targetHints":{"allow":["GET"]}}],"collection":[{"href":"https:\/\/pastoral.manyanet.org\/wordpress\/wp-json\/wp\/v2\/pages"}],"about":[{"href":"https:\/\/pastoral.manyanet.org\/wordpress\/wp-json\/wp\/v2\/types\/page"}],"author":[{"embeddable":true,"href":"https:\/\/pastoral.manyanet.org\/wordpress\/wp-json\/wp\/v2\/users\/1"}],"replies":[{"embeddable":true,"href":"https:\/\/pastoral.manyanet.org\/wordpress\/wp-json\/wp\/v2\/comments?post=25"}],"version-history":[{"count":123,"href":"https:\/\/pastoral.manyanet.org\/wordpress\/wp-json\/wp\/v2\/pages\/25\/revisions"}],"predecessor-version":[{"id":5965,"href":"https:\/\/pastoral.manyanet.org\/wordpress\/wp-json\/wp\/v2\/pages\/25\/revisions\/5965"}],"up":[{"embeddable":true,"href":"https:\/\/pastoral.manyanet.org\/wordpress\/wp-json\/wp\/v2\/pages\/5"}],"wp:attachment":[{"href":"https:\/\/pastoral.manyanet.org\/wordpress\/wp-json\/wp\/v2\/media?parent=25"}],"curies":[{"name":"wp","href":"https:\/\/api.w.org\/{rel}","templated":true}]}}