{"id":398,"date":"2012-09-19T11:47:17","date_gmt":"2012-09-19T11:47:17","guid":{"rendered":"http:\/\/pastoral.manyanet.org\/wordpress\/?page_id=398"},"modified":"2025-07-10T11:36:51","modified_gmt":"2025-07-10T11:36:51","slug":"inici-de-curs-batx","status":"publish","type":"page","link":"https:\/\/pastoral.manyanet.org\/wordpress\/eso-batxillerat\/inici-de-curs-batx\/","title":{"rendered":"Inicio de curso"},"content":{"rendered":"<p>[vc_row][vc_column width=\u00bb1\/6&#8243;][vc_empty_space][vc_wp_custommenu nav_menu=\u00bb7&#8243; title=\u00bbESO-Bachillerato\u00bb][pbr_title_heading title=\u00bbTe interesa\u00bb style=\u00bbv4&#8243; font_color=\u00bb#361228&#8243;][vc_single_image image=\u00bb4118&#8243; img_size=\u00bbfull\u00bb onclick=\u00bbcustom_link\u00bb img_link_target=\u00bb_blank\u00bb link=\u00bbhttp:\/\/www.orar.manyanet.org\u00bb][\/vc_column][vc_column width=\u00bb2\/6&#8243;][vc_empty_space][vc_single_image image=\u00bb5930&#8243; img_size=\u00bbfull\u00bb alignment=\u00bbcenter\u00bb][\/vc_column][vc_column width=\u00bb3\/6&#8243;][vc_empty_space][vc_column_text]Este cartel representa el lema del curso: \u201cHasta el coraz\u00f3n\u2026 \u00a1Y m\u00e1s all\u00e1!\u201d, una invitaci\u00f3n a educar desde la interioridad, el afecto y la trascendencia. Las manos unidas simbolizan el acompa\u00f1amiento y la comunidad educativa que sostiene, protege y gu\u00eda el crecimiento del alumno. En el centro, el coraz\u00f3n luminoso, lleno de vida y energ\u00eda, expresa la importancia de cultivar la dimensi\u00f3n emocional y espiritual. El brillo que emana recuerda que cuando se pone el coraz\u00f3n en lo que se hace, se transforma todo a nuestro alrededor. El lema, destacado en la parte superior, nos anima a mirar hacia dentro, pero tambi\u00e9n a dar lo mejor de nosotros mismos. Es una llamada a unir mente y coraz\u00f3n, responsabilidad y pasi\u00f3n, cabeza y entrega. La imagen comunica el deseo de una educaci\u00f3n que va m\u00e1s all\u00e1 de los contenidos, que forma personas plenas. Invita a cada alumno a descubrir su valor interior y a dejar huella con lo que es y hace. Es un cartel que habla de esperanza, compromiso y crecimiento aut\u00e9ntico.[\/vc_column_text][vc_tta_tabs active_section=\u00bb1&#8243;][vc_tta_section i_type=\u00bblinecons\u00bb src=\u00bb\u00ab\/wordpress\/wp-content\/uploads\/2012\/07\/icono_nen.png\u00ab\u00bb tab_id=\u00bb1470157561722-4a206990-783b5948-877b\u00bb title=\u00bbCelebraciones\u00bb add_icon=\u00bbtrue\u00bb][vc_raw_html]JTNDZGl2JTIwY2xhc3MlM0QlMjJ0YWJzJTIyJTNFJTBBJTNDaDYlM0VQREYlM0MlMkZoNiUzRSUwQSU1QndwZmlsZWJhc2UlMjB0YWclM0RmaWxlJTIwaWQlM0QyNDQ5JTJGJTVEJTBBJTNDJTJGZGl2JTNFJTBB[\/vc_raw_html][\/vc_tta_section][vc_tta_section i_type=\u00bblinecons\u00bb i_icon_linecons=\u00bbvc_li vc_li-clip\u00bb title=\u00bbDin\u00e1micas\u00bb tab_id=\u00bb1470157561834-5af6662d-55385948-877b\u00bb add_icon=\u00bbtrue\u00bb][vc_raw_html]JTNDZGl2JTIwY2xhc3MlM0QlMjJ0YWJzJTIyJTNFJTBBJTNDaDYlM0VQREYlM0MlMkZoNiUzRSUwQSU1QndwZmlsZWJhc2UlMjB0YWclM0RmaWxlJTIwaWQlM0QyNDUwJTJGJTVEJTBBJTBBJTNDJTJGZGl2JTNFJTBB[\/vc_raw_html][\/vc_tta_section][vc_tta_section i_type=\u00bblinecons\u00bb i_icon_linecons=\u00bbvc_li vc_li-pen\u00bb title=\u00bbMateriales\u00bb tab_id=\u00bb1470157617888-36d441d1-77565948-877b\u00bb add_icon=\u00bbtrue\u00bb][vc_raw_html]JTNDZGl2JTIwY2xhc3MlM0QlMjJ0YWJzJTIyJTNFJTBBJTNDZGl2JTIwc3R5bGUlM0QlMjJ3aWR0aCUzQTI1JTI1JTNCJTIwZmxvYXQlM0FsZWZ0JTNCJTIwbWFyZ2luLWJvdHRvbSUzQTI1cHglM0IlMjIlM0UlMEElM0NpbWclMjBjbGFzcyUzRCUyMmFsaWduY2VudGVyJTIwd3AtaW1hZ2UtMzk4NiUyMHNpemUtbWVkaXVtJTIyJTIwc3JjJTNEJTIyJTJGd29yZHByZXNzJTJGd3AtY29udGVudCUyRnVwbG9hZHMlMkYyMDI1JTJGMDYlMkZlc29CYXR4X2luaWNpQ3VyczI2X0E0X0VTUC5qcGclMjIlMjB3aWR0aCUzRCUyMjEwNiUyMiUyMGhlaWdodCUzRCUyMjE1MCUyMiUyMCUyRiUzRSUwQSUzQyUyRmRpdiUzRSUwQSUzQ2RpdiUyMHN0eWxlJTNEJTIyd2lkdGglM0E3NSUyNSUzQiUyMGZsb2F0JTNBbGVmdCUzQiUyMiUzRSUwQSUzQ2g1JTNFQ0FSVEVMJTIwSU5JQ0lPJTIwREUlMjBDVVJTTyUzQyUyRmg1JTNFJTBBJTVCd3BmaWxlYmFzZSUyMHRhZyUzRGZpbGUlMjBpZCUzRDI0MzclMjAlMkYlNUQlMEElM0NiciUzRSUwQSUzQ2g1JTNFTUFURVJJQUwlM0MlMkZoNSUzRSUwQSU1QndwZmlsZWJhc2UlMjB0YWclM0RmaWxlJTIwaWQlM0QyNDUxJTIwJTJGJTVEJTBBJTNDJTJGZGl2JTNFJTBBJTNDJTJGZGl2JTNF[\/vc_raw_html][\/vc_tta_section][\/vc_tta_tabs][\/vc_column][\/vc_row][vc_row][vc_column][vc_empty_space height=\u00bb50 px\u00bb][\/vc_column][\/vc_row][vc_row][vc_column width=\u00bb1\/4&#8243;][vc_single_image image=\u00bb4127&#8243; img_size=\u00bbfull\u00bb onclick=\u00bbcustom_link\u00bb img_link_target=\u00bb_blank\u00bb link=\u00bbhttp:\/\/www.orar.manyanet.org\u00bb][\/vc_column][vc_column width=\u00bb1\/4&#8243;][vc_single_image image=\u00bb4122&#8243; img_size=\u00bbfull\u00bb onclick=\u00bbcustom_link\u00bb img_link_target=\u00bb_blank\u00bb link=\u00bbhttp:\/\/www.orar.manyanet.org\u00bb][\/vc_column][vc_column width=\u00bb1\/4&#8243;][vc_single_image image=\u00bb4125&#8243; img_size=\u00bbfull\u00bb onclick=\u00bbcustom_link\u00bb img_link_target=\u00bb_blank\u00bb link=\u00bb\/wordpress\/semana-manyanetiana\u00bb][\/vc_column][vc_column width=\u00bb1\/4&#8243;][vc_single_image image=\u00bb4128&#8243; img_size=\u00bbfull\u00bb onclick=\u00bbcustom_link\u00bb link=\u00bb\/wordpress\/historial\/\u00bb][\/vc_column][\/vc_row][vc_row][vc_column][vc_empty_space height=\u00bb100&#8243;][\/vc_column][\/vc_row]<\/p>","protected":false},"excerpt":{"rendered":"<p>[vc_row][vc_column width=\u00bb1\/6&#8243;][vc_empty_space][vc_wp_custommenu nav_menu=\u00bb7&#8243; title=\u00bbESO-Bachillerato\u00bb][pbr_title_heading title=\u00bbTe interesa\u00bb style=\u00bbv4&#8243; font_color=\u00bb#361228&#8243;][vc_single_image image=\u00bb4118&#8243; img_size=\u00bbfull\u00bb onclick=\u00bbcustom_link\u00bb img_link_target=\u00bb_blank\u00bb link=\u00bbhttp:\/\/www.orar.manyanet.org\u00bb][\/vc_column][vc_column width=\u00bb2\/6&#8243;][vc_empty_space][vc_single_image image=\u00bb5930&#8243; img_size=\u00bbfull\u00bb alignment=\u00bbcenter\u00bb][\/vc_column][vc_column width=\u00bb3\/6&#8243;][vc_empty_space][vc_column_text]Este cartel representa &hellip; <a href=\"https:\/\/pastoral.manyanet.org\/wordpress\/eso-batxillerat\/inici-de-curs-batx\/\" class=\"more-link\">Continue reading <span class=\"screen-reader-text\">Inicio de curso<\/span> <span class=\"meta-nav\">&rarr;<\/span><\/a><\/p>\n","protected":false},"author":1,"featured_media":0,"parent":7,"menu_order":1,"comment_status":"closed","ping_status":"closed","template":"","meta":{"_monsterinsights_skip_tracking":false,"_monsterinsights_sitenote_active":false,"_monsterinsights_sitenote_note":"","_monsterinsights_sitenote_category":0,"ngg_post_thumbnail":0,"footnotes":""},"class_list":["post-398","page","type-page","status-publish","hentry"],"_links":{"self":[{"href":"https:\/\/pastoral.manyanet.org\/wordpress\/wp-json\/wp\/v2\/pages\/398","targetHints":{"allow":["GET"]}}],"collection":[{"href":"https:\/\/pastoral.manyanet.org\/wordpress\/wp-json\/wp\/v2\/pages"}],"about":[{"href":"https:\/\/pastoral.manyanet.org\/wordpress\/wp-json\/wp\/v2\/types\/page"}],"author":[{"embeddable":true,"href":"https:\/\/pastoral.manyanet.org\/wordpress\/wp-json\/wp\/v2\/users\/1"}],"replies":[{"embeddable":true,"href":"https:\/\/pastoral.manyanet.org\/wordpress\/wp-json\/wp\/v2\/comments?post=398"}],"version-history":[{"count":68,"href":"https:\/\/pastoral.manyanet.org\/wordpress\/wp-json\/wp\/v2\/pages\/398\/revisions"}],"predecessor-version":[{"id":5938,"href":"https:\/\/pastoral.manyanet.org\/wordpress\/wp-json\/wp\/v2\/pages\/398\/revisions\/5938"}],"up":[{"embeddable":true,"href":"https:\/\/pastoral.manyanet.org\/wordpress\/wp-json\/wp\/v2\/pages\/7"}],"wp:attachment":[{"href":"https:\/\/pastoral.manyanet.org\/wordpress\/wp-json\/wp\/v2\/media?parent=398"}],"curies":[{"name":"wp","href":"https:\/\/api.w.org\/{rel}","templated":true}]}}