{"id":400,"date":"2012-09-19T11:47:49","date_gmt":"2012-09-19T11:47:49","guid":{"rendered":"http:\/\/pastoral.manyanet.org\/wordpress\/?page_id=400"},"modified":"2025-11-17T11:32:08","modified_gmt":"2025-11-17T11:32:08","slug":"advent","status":"publish","type":"page","link":"https:\/\/pastoral.manyanet.org\/wordpress\/eso-batxillerat\/advent\/","title":{"rendered":"Adviento \/ Navidad"},"content":{"rendered":"[vc_row][vc_column width=\"1\/6\"][vc_empty_space][vc_wp_custommenu nav_menu=\"7\" title=\"ESO-Bachillerato\"][pbr_title_heading title=\"Te interesa\" style=\"v4\" font_color=\"#361228\"][vc_single_image image=\"4118\" img_size=\"full\" onclick=\"custom_link\" img_link_target=\"_blank\" link=\"http:\/\/www.orar.manyanet.org\"][\/vc_column][vc_column width=\"2\/6\"][vc_empty_space][vc_single_image image=\"5950\" img_size=\"full\" alignment=\"center\"][\/vc_column][vc_column width=\"3\/6\"][vc_empty_space][vc_column_text]El lema escogido es \u00a1Hasta el coraz\u00f3n de la Navidad! A lo largo del Adviento nos queremos introducir en lo m\u00e1s profundo\r\ndel mensaje de Navidad. A trav\u00e9s de los distintos personajes que componen el Bel\u00e9n de la Navidad queremos hacer una\r\nreflexi\u00f3n de las distintas actitudes que preparan bien nuestro coraz\u00f3n para acoger al Ni\u00f1o Jes\u00fas que quiere nacer dentro\r\nde cada uno de nosotros.[\/vc_column_text][vc_tta_tabs active_section=\"1\"][vc_tta_section i_type=\"linecons\" src=\"``\/wordpress\/wp-content\/uploads\/2012\/07\/icono_nen.png``\" tab_id=\"1470157561722-4a206990-783b5948-877bdae7-aa9f\" title=\"Celebraciones\" add_icon=\"true\"][vc_raw_html]JTNDZGl2JTIwY2xhc3MlM0QlMjJ0YWJzJTIyJTNFJTBBJTNDaDYlM0VQREYlM0MlMkZoNiUzRSUwQSU1QndwZmlsZWJhc2UlMjB0YWclM0RmaWxlJTIwaWQlM0QyNDg1JTIwJTJGJTVEJTBBJTVCd3BmaWxlYmFzZSUyMHRhZyUzRGZpbGUlMjBpZCUzRDI0ODYlMjAlMkYlNUQlMEElM0MlMkZkaXYlM0UlMEE=[\/vc_raw_html][\/vc_tta_section][vc_tta_section i_type=\"linecons\" i_icon_linecons=\"vc_li vc_li-clip\" title=\"Din\u00e1micas\" tab_id=\"1470157561834-5af6662d-55385948-877bdae7-aa9f\" add_icon=\"true\"][vc_raw_html]JTNDZGl2JTIwY2xhc3MlM0QlMjJ0YWJzJTIyJTNFJTBBJTNDaDYlM0VQREYlM0MlMkZoNiUzRSUwQSU1QndwZmlsZWJhc2UlMjB0YWclM0RmaWxlJTIwaWQlM0QyNDg3JTIwJTJGJTVEJTBBJTNDJTJGZGl2JTNFJTBB[\/vc_raw_html][\/vc_tta_section][vc_tta_section i_type=\"linecons\" i_icon_linecons=\"vc_li vc_li-pen\" title=\"Materiales\" tab_id=\"1470157617888-36d441d1-77565948-877bdae7-aa9f\" add_icon=\"true\"][vc_raw_html]JTNDZGl2JTIwY2xhc3MlM0QlMjJ0YWJzJTIyJTNFJTBBJTNDZGl2JTIwc3R5bGUlM0QlMjJ3aWR0aCUzQTI1JTI1JTNCJTIwZmxvYXQlM0FsZWZ0JTNCJTIwbWFyZ2luLWJvdHRvbSUzQTI1cHglM0IlMjIlM0UlMEElM0NpbWclMjBjbGFzcyUzRCUyMmFsaWduY2VudGVyJTIwd3AtaW1hZ2UtMzk4NiUyMHNpemUtbWVkaXVtJTIyJTIwc3JjJTNEJTIyJTJGd29yZHByZXNzJTJGd3AtY29udGVudCUyRnVwbG9hZHMlMkYyMDI1JTJGMTElMkZlc29CYXR4X0FkdmVudDI1X0E0X0VTUC5qcGclMjIlMjB3aWR0aCUzRCUyMjEwNiUyMiUyMGhlaWdodCUzRCUyMjE1MCUyMiUyMCUyRiUzRSUwQSUzQyUyRmRpdiUzRSUwQSUzQ2RpdiUyMHN0eWxlJTNEJTIyd2lkdGglM0E3NSUyNSUzQiUyMGZsb2F0JTNBbGVmdCUzQiUyMiUzRSUwQSUzQ2g1JTNFQ0FSVEVMJTIwQURWSUVOVE8lM0MlMkZoNSUzRSUwQSU1QndwZmlsZWJhc2UlMjB0YWclM0RmaWxlJTIwaWQlM0QyNDg0JTIwJTJGJTVEJTBBJTNDYnIlMkYlM0UlMEElM0NoNSUzRU1BVEVSSUFMJTIwRElOJUMzJTgxTUlDQSUzQyUyRmg1JTNFJTBBJTVCd3BmaWxlYmFzZSUyMHRhZyUzRGZpbGUlMjBpZCUzRDI0ODklMkYlNUQlMEElM0MlMkZkaXYlM0UlMEElM0MlMkZkaXYlM0U=[\/vc_raw_html][\/vc_tta_section][\/vc_tta_tabs][\/vc_column][\/vc_row][vc_row][vc_column][vc_empty_space height=\"50 px\"][\/vc_column][\/vc_row][vc_row][vc_column width=\"1\/4\"][vc_single_image image=\"4127\" img_size=\"full\" onclick=\"custom_link\" img_link_target=\"_blank\" link=\"http:\/\/www.orar.manyanet.org\"][\/vc_column][vc_column width=\"1\/4\"][vc_single_image image=\"4122\" img_size=\"full\" onclick=\"custom_link\" img_link_target=\"_blank\" link=\"http:\/\/www.orar.manyanet.org\"][\/vc_column][vc_column width=\"1\/4\"][vc_single_image image=\"4125\" img_size=\"full\" onclick=\"custom_link\" img_link_target=\"_blank\" link=\"http:\/\/www.orar.manyanet.org\"][\/vc_column][vc_column width=\"1\/4\"][vc_single_image image=\"4128\" img_size=\"full\" onclick=\"custom_link\" link=\"\/wordpress\/historial\/\"][\/vc_column][\/vc_row][vc_row][vc_column][vc_empty_space height=\"100\"][\/vc_column][\/vc_row]","protected":false},"excerpt":{"rendered":"<p>[vc_row][vc_column width=\u00bb1\/6&#8243;][vc_empty_space][vc_wp_custommenu nav_menu=\u00bb7&#8243; title=\u00bbESO-Bachillerato\u00bb][pbr_title_heading title=\u00bbTe interesa\u00bb style=\u00bbv4&#8243; font_color=\u00bb#361228&#8243;][vc_single_image image=\u00bb4118&#8243; img_size=\u00bbfull\u00bb onclick=\u00bbcustom_link\u00bb img_link_target=\u00bb_blank\u00bb link=\u00bbhttp:\/\/www.orar.manyanet.org\u00bb][\/vc_column][vc_column width=\u00bb2\/6&#8243;][vc_empty_space][vc_single_image image=\u00bb5950&#8243; img_size=\u00bbfull\u00bb alignment=\u00bbcenter\u00bb][\/vc_column][vc_column width=\u00bb3\/6&#8243;][vc_empty_space][vc_column_text]El lema escogido es \u00a1Hasta el coraz\u00f3n de la Navidad! A lo largo del Adviento nos queremos introducir en lo m\u00e1s profundo del mensaje de Navidad. A trav\u00e9s de los distintos personajes que componen el Bel\u00e9n de la &hellip; <a href=\"https:\/\/pastoral.manyanet.org\/wordpress\/eso-batxillerat\/advent\/\" class=\"more-link\">Continue reading <span class=\"screen-reader-text\">Adviento \/ Navidad<\/span> <span class=\"meta-nav\">&rarr;<\/span><\/a><\/p>\n","protected":false},"author":1,"featured_media":0,"parent":7,"menu_order":2,"comment_status":"closed","ping_status":"closed","template":"","meta":{"footnotes":""},"class_list":["post-400","page","type-page","status-publish","hentry"],"_links":{"self":[{"href":"https:\/\/pastoral.manyanet.org\/wordpress\/wp-json\/wp\/v2\/pages\/400","targetHints":{"allow":["GET"]}}],"collection":[{"href":"https:\/\/pastoral.manyanet.org\/wordpress\/wp-json\/wp\/v2\/pages"}],"about":[{"href":"https:\/\/pastoral.manyanet.org\/wordpress\/wp-json\/wp\/v2\/types\/page"}],"author":[{"embeddable":true,"href":"https:\/\/pastoral.manyanet.org\/wordpress\/wp-json\/wp\/v2\/users\/1"}],"replies":[{"embeddable":true,"href":"https:\/\/pastoral.manyanet.org\/wordpress\/wp-json\/wp\/v2\/comments?post=400"}],"version-history":[{"count":108,"href":"https:\/\/pastoral.manyanet.org\/wordpress\/wp-json\/wp\/v2\/pages\/400\/revisions"}],"predecessor-version":[{"id":5960,"href":"https:\/\/pastoral.manyanet.org\/wordpress\/wp-json\/wp\/v2\/pages\/400\/revisions\/5960"}],"up":[{"embeddable":true,"href":"https:\/\/pastoral.manyanet.org\/wordpress\/wp-json\/wp\/v2\/pages\/7"}],"wp:attachment":[{"href":"https:\/\/pastoral.manyanet.org\/wordpress\/wp-json\/wp\/v2\/media?parent=400"}],"curies":[{"name":"wp","href":"https:\/\/api.w.org\/{rel}","templated":true}]}}