{"id":4173,"date":"2016-08-04T20:01:05","date_gmt":"2016-08-04T20:01:05","guid":{"rendered":"http:\/\/pastoral.manyanet.org\/wordpress\/?page_id=4173"},"modified":"2026-03-27T08:15:03","modified_gmt":"2026-03-27T08:15:03","slug":"pascua-2","status":"publish","type":"page","link":"https:\/\/pastoral.manyanet.org\/wordpress\/infantil-primaria\/pascua-2\/","title":{"rendered":"Pascua"},"content":{"rendered":"[vc_row][vc_column width=\"1\/6\" css=\".vc_custom_1470255767540{padding-right: 25px !important;}\"][vc_empty_space][vc_wp_custommenu nav_menu=\"6\" title=\"Primaria\"][pbr_title_heading title=\"Te interesa\" style=\"v4\" font_color=\"#361228\"][vc_single_image image=\"4130\" img_size=\"full\" onclick=\"custom_link\" img_link_target=\"_blank\" link=\"http:\/\/www.orar.manyanet.org\"][\/vc_column][vc_column width=\"2\/6\"][vc_empty_space][vc_single_image image=\"6123\" img_size=\"full\" alignment=\"center\"][\/vc_column][vc_column width=\"3\/6\"][vc_empty_space][vc_column_text]\r\n<div class=\"page\" title=\"Page 1\">\r\n<div class=\"section\">\r\n<div class=\"layoutArea\">\r\n<div class=\"column\">\r\n\r\nLa Pascua es el tiempo donde celebramos que la vida renace y se pone en movimiento. Ahora es momento de dejar salir todo aquello que llevamos dentro y hacer que llegue a los otros. La vida no se queda quieta, crece, se mueve y se transforma. El cartel nos recuerda que todo aquello que somos y hacemos tiene valor: cada palabra, cada gesto, cada actitud construye algo dentro de nosotros y a nuestro alrededor. Pero hay momentos en que este valor se multiplica, cuando dejamos que la vida se abra paso de verdad y transforme lo que parec\u00eda parado. Es aqu\u00ed donde aparece la resurrecci\u00f3n, como una fuerza que da sentido, que enciende la luz y nos invita a empezar de nuevo. Este es el punto de partida: descubrir que, cuando compartimos lo mejor de nosotros, la vida crece y llega m\u00e1s lejos de lo que imaginamos.\r\n\r\n<\/div>\r\n<\/div>\r\n<\/div>\r\n<\/div>\r\n[\/vc_column_text][vc_tta_tabs active_section=\"1\"][vc_tta_section i_type=\"linecons\" src=\"``\/wordpress\/wp-content\/uploads\/2012\/07\/icono_nen.png``\" tab_id=\"1470157561722-4a206990-783b3e64-061ebce5-452c56f0-e6b5d271-8339\" title=\"Celebraciones\" add_icon=\"true\"][vc_raw_html]JTNDZGl2JTIwY2xhc3MlM0QlMjJ0YWJzJTIyJTNFJTBBJTNDaDYlM0VQREYlM0MlMkZoNiUzRSUwQSU1QndwZmlsZWJhc2UlMjB0YWclM0RmaWxlJTIwaWQlM0QyNTUzJTIwJTJGJTVEJTBBJTNDJTJGZGl2JTNFJTBB[\/vc_raw_html][\/vc_tta_section][vc_tta_section i_type=\"linecons\" i_icon_linecons=\"vc_li vc_li-clip\" title=\"Din\u00e1micas\" tab_id=\"1470157561834-5af6662d-55383e64-061ebce5-452c56f0-e6b5d271-8339\" add_icon=\"true\"][vc_raw_html]JTNDZGl2JTIwY2xhc3MlM0QlMjJ0YWJzJTIyJTNFJTBBJTNDaDYlM0VQREYlM0MlMkZoNiUzRSUwQSU1QndwZmlsZWJhc2UlMjB0YWclM0RmaWxlJTIwaWQlM0QyNTU0JTIwJTJGJTVEJTBBJTNDJTJGZGl2JTNFJTBB[\/vc_raw_html][\/vc_tta_section][vc_tta_section i_type=\"linecons\" i_icon_linecons=\"vc_li vc_li-pen\" title=\"Materiales\" tab_id=\"1470157617888-36d441d1-77563e64-061ebce5-452c56f0-e6b5d271-8339\" add_icon=\"true\"][vc_raw_html]JTNDZGl2JTIwY2xhc3MlM0QlMjJ0YWJzJTIyJTNFJTBBJTNDZGl2JTIwc3R5bGUlM0QlMjJ3aWR0aCUzQTI1JTI1JTNCJTIwZmxvYXQlM0FsZWZ0JTNCJTIwbWFyZ2luLWJvdHRvbSUzQTI1cHglM0IlMjIlM0UlMEElM0NpbWclMjBjbGFzcyUzRCUyMmFsaWduY2VudGVyJTIwd3AtaW1hZ2UtMzk4NiUyMHNpemUtbWVkaXVtJTIyJTIwc3JjJTNEJTIyJTJGd29yZHByZXNzJTJGd3AtY29udGVudCUyRnVwbG9hZHMlMkYyMDI2JTJGMDMlMkZQcmltYXJpYS1QYXNxdWEyNl9BNF9FU1AuanBnJTIyJTIwd2lkdGglM0QlMjIxMDYlMjIlMjBoZWlnaHQlM0QlMjIxNTAlMjIlMjAlMkYlM0UlMEElM0MlMkZkaXYlM0UlMEElM0NkaXYlMjBzdHlsZSUzRCUyMndpZHRoJTNBNzUlMjUlM0IlMjBmbG9hdCUzQWxlZnQlM0IlMjIlM0UlMEElM0NoNSUzRUNBUlRFTCUyMFBBU0NVQSUzQyUyRmg1JTNFJTBBJTVCd3BmaWxlYmFzZSUyMHRhZyUzRGZpbGUlMjBpZCUzRDI1NTIlMjAlMkYlNUQlMEElMEElM0MlMkZkaXYlM0U=[\/vc_raw_html][\/vc_tta_section][\/vc_tta_tabs][\/vc_column][\/vc_row][vc_row][vc_column][vc_empty_space height=\"50 px\"][\/vc_column][\/vc_row][vc_row][vc_column width=\"1\/4\"][vc_single_image image=\"4127\" img_size=\"full\" onclick=\"custom_link\" img_link_target=\"_blank\" link=\"http:\/\/www.orar.manyanet.org\"][\/vc_column][vc_column width=\"1\/4\"][vc_single_image image=\"4122\" img_size=\"full\" onclick=\"custom_link\" img_link_target=\"_blank\" link=\"http:\/\/www.orar.manyanet.org\"][\/vc_column][vc_column width=\"1\/4\"][vc_single_image image=\"4125\" img_size=\"full\" onclick=\"custom_link\" img_link_target=\"_blank\" link=\"\/wordpress\/semana-manyanetiana\"][\/vc_column][vc_column width=\"1\/4\"][vc_single_image image=\"4128\" img_size=\"full\" onclick=\"custom_link\" link=\"\/wordpress\/historial\/\"][\/vc_column][\/vc_row][vc_row][vc_column][vc_empty_space height=\"100 px\"][\/vc_column][\/vc_row]","protected":false},"excerpt":{"rendered":"<p>[vc_row][vc_column width=\u00bb1\/6&#8243; css=\u00bb.vc_custom_1470255767540{padding-right: 25px !important;}\u00bb][vc_empty_space][vc_wp_custommenu nav_menu=\u00bb6&#8243; title=\u00bbPrimaria\u00bb][pbr_title_heading title=\u00bbTe interesa\u00bb style=\u00bbv4&#8243; font_color=\u00bb#361228&#8243;][vc_single_image image=\u00bb4130&#8243; img_size=\u00bbfull\u00bb onclick=\u00bbcustom_link\u00bb img_link_target=\u00bb_blank\u00bb link=\u00bbhttp:\/\/www.orar.manyanet.org\u00bb][\/vc_column][vc_column width=\u00bb2\/6&#8243;][vc_empty_space][vc_single_image image=\u00bb6123&#8243; img_size=\u00bbfull\u00bb alignment=\u00bbcenter\u00bb][\/vc_column][vc_column width=\u00bb3\/6&#8243;][vc_empty_space][vc_column_text] La Pascua es el tiempo donde celebramos que la vida renace y se pone en movimiento. Ahora es momento de dejar salir todo aquello que llevamos dentro y hacer que llegue a los otros. &hellip; <a href=\"https:\/\/pastoral.manyanet.org\/wordpress\/infantil-primaria\/pascua-2\/\" class=\"more-link\">Continue reading <span class=\"screen-reader-text\">Pascua<\/span> <span class=\"meta-nav\">&rarr;<\/span><\/a><\/p>\n","protected":false},"author":1,"featured_media":0,"parent":5,"menu_order":4,"comment_status":"closed","ping_status":"closed","template":"","meta":{"footnotes":""},"class_list":["post-4173","page","type-page","status-publish","hentry"],"_links":{"self":[{"href":"https:\/\/pastoral.manyanet.org\/wordpress\/wp-json\/wp\/v2\/pages\/4173","targetHints":{"allow":["GET"]}}],"collection":[{"href":"https:\/\/pastoral.manyanet.org\/wordpress\/wp-json\/wp\/v2\/pages"}],"about":[{"href":"https:\/\/pastoral.manyanet.org\/wordpress\/wp-json\/wp\/v2\/types\/page"}],"author":[{"embeddable":true,"href":"https:\/\/pastoral.manyanet.org\/wordpress\/wp-json\/wp\/v2\/users\/1"}],"replies":[{"embeddable":true,"href":"https:\/\/pastoral.manyanet.org\/wordpress\/wp-json\/wp\/v2\/comments?post=4173"}],"version-history":[{"count":60,"href":"https:\/\/pastoral.manyanet.org\/wordpress\/wp-json\/wp\/v2\/pages\/4173\/revisions"}],"predecessor-version":[{"id":6128,"href":"https:\/\/pastoral.manyanet.org\/wordpress\/wp-json\/wp\/v2\/pages\/4173\/revisions\/6128"}],"up":[{"embeddable":true,"href":"https:\/\/pastoral.manyanet.org\/wordpress\/wp-json\/wp\/v2\/pages\/5"}],"wp:attachment":[{"href":"https:\/\/pastoral.manyanet.org\/wordpress\/wp-json\/wp\/v2\/media?parent=4173"}],"curies":[{"name":"wp","href":"https:\/\/api.w.org\/{rel}","templated":true}]}}