{"id":4197,"date":"2016-08-04T20:54:41","date_gmt":"2016-08-04T20:54:41","guid":{"rendered":"http:\/\/pastoral.manyanet.org\/wordpress\/?page_id=4197"},"modified":"2026-04-13T15:01:06","modified_gmt":"2026-04-13T15:01:06","slug":"pascua-3","status":"publish","type":"page","link":"https:\/\/pastoral.manyanet.org\/wordpress\/eso-batxillerat\/pascua-3\/","title":{"rendered":"Pascua"},"content":{"rendered":"<p>[vc_row][vc_column width=\u00bb1\/6&#8243;][vc_empty_space][vc_wp_custommenu nav_menu=\u00bb7&#8243; title=\u00bbESO-Bachillerato\u00bb][pbr_title_heading title=\u00bbTe interesa\u00bb style=\u00bbv4&#8243; font_color=\u00bb#361228&#8243;][vc_single_image image=\u00bb4118&#8243; img_size=\u00bbfull\u00bb onclick=\u00bbcustom_link\u00bb img_link_target=\u00bb_blank\u00bb link=\u00bbhttp:\/\/www.orar.manyanet.org\u00bb][\/vc_column][vc_column width=\u00bb2\/6&#8243;][vc_empty_space][vc_single_image image=\u00bb6130&#8243; img_size=\u00bbfull\u00bb alignment=\u00bbcenter\u00bb][\/vc_column][vc_column width=\u00bb3\/6&#8243;][vc_empty_space][vc_column_text]Despu\u00e9s de haber celebrado la cuaresma con el lema: \u201cCoraz\u00f3n en modo Cuaresma: \u00a1Pon pasi\u00f3n bro!\u201d, nos ponemos a celebrar la pascua. Despu\u00e9s del tiempo de preparaci\u00f3n entramos dentro de un tiempo de celebraci\u00f3n, de alegr\u00eda, de entusiasmo. Estamos con el coraz\u00f3n cargado (con la bater\u00eda llena) y eso nos permite ser capaces de un mont\u00f3n de cosas.<br \/>\nDurante este tiempo de Pascua queremos reflexionar sobre esos valores, actitudes y emociones que nos hacen tener el coraz\u00f3n cargado.[\/vc_column_text][vc_tta_tabs active_section=\u00bb1&#8243;][vc_tta_section i_type=\u00bblinecons\u00bb src=\u00bb\u00ab\/wordpress\/wp-content\/uploads\/2012\/07\/icono_nen.png\u00ab\u00bb tab_id=\u00bb1470157561722-4a206990-783b5948-877bd7b2-5065&#8243; title=\u00bbCelebraciones\u00bb add_icon=\u00bbtrue\u00bb][vc_raw_html]JTNDZGl2JTIwY2xhc3MlM0QlMjJ0YWJzJTIyJTNFJTBBJTNDaDYlM0VQREYlM0MlMkZoNiUzRSUwQSU1QndwZmlsZWJhc2UlMjB0YWclM0RmaWxlJTIwaWQlM0QyNTU1JTIwJTJGJTVEJTBBJTVCd3BmaWxlYmFzZSUyMHRhZyUzRGZpbGUlMjBpZCUzRDI1NTYlMjAlMkYlNUQlMEElM0MlMkZkaXYlM0UlMEE=[\/vc_raw_html][\/vc_tta_section][vc_tta_section i_type=\u00bblinecons\u00bb i_icon_linecons=\u00bbvc_li vc_li-clip\u00bb title=\u00bbDin\u00e1micas\u00bb tab_id=\u00bb1470157561834-5af6662d-55385948-877bd7b2-5065&#8243; add_icon=\u00bbtrue\u00bb][vc_raw_html]JTNDZGl2JTIwY2xhc3MlM0QlMjJ0YWJzJTIyJTNFJTBBJTNDaDYlM0VQREYlM0MlMkZoNiUzRSUwQSU1QndwZmlsZWJhc2UlMjB0YWclM0RmaWxlJTIwaWQlM0QyNTU3JTIwJTJGJTVEJTBBJTNDJTJGZGl2JTNFJTBB[\/vc_raw_html][\/vc_tta_section][vc_tta_section i_type=\u00bblinecons\u00bb i_icon_linecons=\u00bbvc_li vc_li-pen\u00bb title=\u00bbMateriales\u00bb tab_id=\u00bb1470157617888-36d441d1-77565948-877bd7b2-5065&#8243; add_icon=\u00bbtrue\u00bb][vc_raw_html]JTNDZGl2JTIwY2xhc3MlM0QlMjJ0YWJzJTIyJTNFJTBBJTNDZGl2JTIwc3R5bGUlM0QlMjJ3aWR0aCUzQTI1JTI1JTNCJTIwZmxvYXQlM0FsZWZ0JTNCJTIwbWFyZ2luLWJvdHRvbSUzQTI1cHglM0IlMjIlM0UlMEElM0NpbWclMjBjbGFzcyUzRCUyMmFsaWduY2VudGVyJTIwd3AtaW1hZ2UtMzk4NiUyMHNpemUtbWVkaXVtJTIyJTIwc3JjJTNEJTIyJTJGd29yZHByZXNzJTJGd3AtY29udGVudCUyRnVwbG9hZHMlMkYyMDI2JTJGMDMlMkZlc29CYXR4X1Bhc3F1YTI2X0E0X0VTUC5qcGclMjIlMjB3aWR0aCUzRCUyMjEwNiUyMiUyMGhlaWdodCUzRCUyMjE1MCUyMiUyMCUyRiUzRSUwQSUzQyUyRmRpdiUzRSUwQSUzQ2RpdiUyMHN0eWxlJTNEJTIyd2lkdGglM0E3NSUyNSUzQiUyMGZsb2F0JTNBbGVmdCUzQiUyMiUzRSUwQSUzQ2g1JTNFQ0FSVEVMJTIwUEFTQ1VBJTNDJTJGaDUlM0UlMEElNUJ3cGZpbGViYXNlJTIwdGFnJTNEZmlsZSUyMGlkJTNEMjU1OCUyMCUyRiU1RCUwQSUzQ2JyJTNFJTBBUEFSQSUyMExBJTIwQ0VMRUJSQUNJJUMzJTkzTiUzQSUwQSU1QndwZmlsZWJhc2UlMjB0YWclM0RmaWxlJTIwaWQlM0QyNTU5JTIwJTJGJTVEJTBBJTNDJTJGZGl2JTNFJTBBJTNDJTJGZGl2JTNF[\/vc_raw_html][\/vc_tta_section][\/vc_tta_tabs][\/vc_column][\/vc_row][vc_row][vc_column][vc_empty_space height=\u00bb50 px\u00bb][\/vc_column][\/vc_row][vc_row][vc_column width=\u00bb1\/4&#8243;][vc_single_image image=\u00bb4127&#8243; img_size=\u00bbfull\u00bb onclick=\u00bbcustom_link\u00bb img_link_target=\u00bb_blank\u00bb link=\u00bbhttp:\/\/www.orar.manyanet.org\u00bb][\/vc_column][vc_column width=\u00bb1\/4&#8243;][vc_single_image image=\u00bb4122&#8243; img_size=\u00bbfull\u00bb onclick=\u00bbcustom_link\u00bb img_link_target=\u00bb_blank\u00bb link=\u00bbhttp:\/\/www.orar.manyanet.org\u00bb][\/vc_column][vc_column width=\u00bb1\/4&#8243;][vc_single_image image=\u00bb4125&#8243; img_size=\u00bbfull\u00bb onclick=\u00bbcustom_link\u00bb img_link_target=\u00bb_blank\u00bb link=\u00bbhttp:\/\/www.orar.manyanet.org\u00bb][\/vc_column][vc_column width=\u00bb1\/4&#8243;][vc_single_image image=\u00bb4128&#8243; img_size=\u00bbfull\u00bb onclick=\u00bbcustom_link\u00bb link=\u00bb\/wordpress\/historial\/\u00bb][\/vc_column][\/vc_row][vc_row][vc_column][vc_empty_space height=\u00bb100&#8243;][\/vc_column][\/vc_row]<\/p>","protected":false},"excerpt":{"rendered":"<p>[vc_row][vc_column width=\u00bb1\/6&#8243;][vc_empty_space][vc_wp_custommenu nav_menu=\u00bb7&#8243; title=\u00bbESO-Bachillerato\u00bb][pbr_title_heading title=\u00bbTe interesa\u00bb style=\u00bbv4&#8243; font_color=\u00bb#361228&#8243;][vc_single_image image=\u00bb4118&#8243; img_size=\u00bbfull\u00bb onclick=\u00bbcustom_link\u00bb img_link_target=\u00bb_blank\u00bb link=\u00bbhttp:\/\/www.orar.manyanet.org\u00bb][\/vc_column][vc_column width=\u00bb2\/6&#8243;][vc_empty_space][vc_single_image image=\u00bb6130&#8243; img_size=\u00bbfull\u00bb alignment=\u00bbcenter\u00bb][\/vc_column][vc_column width=\u00bb3\/6&#8243;][vc_empty_space][vc_column_text]Despu\u00e9s de haber &hellip; <a href=\"https:\/\/pastoral.manyanet.org\/wordpress\/eso-batxillerat\/pascua-3\/\" class=\"more-link\">Continue reading <span class=\"screen-reader-text\">Pascua<\/span> <span class=\"meta-nav\">&rarr;<\/span><\/a><\/p>\n","protected":false},"author":1,"featured_media":0,"parent":7,"menu_order":4,"comment_status":"closed","ping_status":"closed","template":"","meta":{"_monsterinsights_skip_tracking":false,"_monsterinsights_sitenote_active":false,"_monsterinsights_sitenote_note":"","_monsterinsights_sitenote_category":0,"ngg_post_thumbnail":0,"footnotes":""},"class_list":["post-4197","page","type-page","status-publish","hentry"],"_links":{"self":[{"href":"https:\/\/pastoral.manyanet.org\/wordpress\/wp-json\/wp\/v2\/pages\/4197","targetHints":{"allow":["GET"]}}],"collection":[{"href":"https:\/\/pastoral.manyanet.org\/wordpress\/wp-json\/wp\/v2\/pages"}],"about":[{"href":"https:\/\/pastoral.manyanet.org\/wordpress\/wp-json\/wp\/v2\/types\/page"}],"author":[{"embeddable":true,"href":"https:\/\/pastoral.manyanet.org\/wordpress\/wp-json\/wp\/v2\/users\/1"}],"replies":[{"embeddable":true,"href":"https:\/\/pastoral.manyanet.org\/wordpress\/wp-json\/wp\/v2\/comments?post=4197"}],"version-history":[{"count":61,"href":"https:\/\/pastoral.manyanet.org\/wordpress\/wp-json\/wp\/v2\/pages\/4197\/revisions"}],"predecessor-version":[{"id":6137,"href":"https:\/\/pastoral.manyanet.org\/wordpress\/wp-json\/wp\/v2\/pages\/4197\/revisions\/6137"}],"up":[{"embeddable":true,"href":"https:\/\/pastoral.manyanet.org\/wordpress\/wp-json\/wp\/v2\/pages\/7"}],"wp:attachment":[{"href":"https:\/\/pastoral.manyanet.org\/wordpress\/wp-json\/wp\/v2\/media?parent=4197"}],"curies":[{"name":"wp","href":"https:\/\/api.w.org\/{rel}","templated":true}]}}