{"id":5,"date":"2012-07-13T17:44:03","date_gmt":"2012-07-13T17:44:03","guid":{"rendered":"http:\/\/pastoral.manyanet.org\/wordpress\/?page_id=5"},"modified":"2015-07-27T18:30:45","modified_gmt":"2015-07-27T18:30:45","slug":"infantil-primaria","status":"publish","type":"page","link":"https:\/\/pastoral.manyanet.org\/wordpress\/infantil-primaria\/","title":{"rendered":"Primaria"},"content":{"rendered":"<p><\/p>\n<h4>Campa\u00f1a 2015-16<\/h4>\n<p>Aqu\u00ed podr\u00e9is encontrar muchos materiales para preparar las celebraciones del colegio. Solo ten\u00e9is que mirar el men\u00fa y seleccionar aquello que necesit\u00e1is. \u00a1Ah!, tambi\u00e9n pod\u00e9is hacer <strong>comentarios<\/strong>, <strong>sugerencias<\/strong> y colgar en el <strong>blog<\/strong> las fotos o v\u00eddeos de vuestras celebraciones.<\/p>\n<p><img decoding=\"async\" class=\"aligncenter size-full wp-image-62\" title=\"cartell_portada_infantil\" src=\"\/wordpress\/wp-content\/uploads\/2015\/07\/primaria_iniciCurs15-16_GEN_ESP.jpg\" alt=\"\"  \/><\/p>\n<p><\/p>\n<p><\/p>","protected":false},"excerpt":{"rendered":"<p>Campa\u00f1a 2015-16 Aqu\u00ed podr\u00e9is encontrar muchos materiales para preparar las celebraciones del colegio. Solo ten\u00e9is que mirar el men\u00fa y &hellip; <a href=\"https:\/\/pastoral.manyanet.org\/wordpress\/infantil-primaria\/\" class=\"more-link\">Continue reading <span class=\"screen-reader-text\">Primaria<\/span> <span class=\"meta-nav\">&rarr;<\/span><\/a><\/p>\n","protected":false},"author":1,"featured_media":0,"parent":0,"menu_order":4,"comment_status":"closed","ping_status":"closed","template":"","meta":{"_monsterinsights_skip_tracking":false,"_monsterinsights_sitenote_active":false,"_monsterinsights_sitenote_note":"","_monsterinsights_sitenote_category":0,"ngg_post_thumbnail":0,"footnotes":""},"class_list":["post-5","page","type-page","status-publish","hentry"],"_links":{"self":[{"href":"https:\/\/pastoral.manyanet.org\/wordpress\/wp-json\/wp\/v2\/pages\/5","targetHints":{"allow":["GET"]}}],"collection":[{"href":"https:\/\/pastoral.manyanet.org\/wordpress\/wp-json\/wp\/v2\/pages"}],"about":[{"href":"https:\/\/pastoral.manyanet.org\/wordpress\/wp-json\/wp\/v2\/types\/page"}],"author":[{"embeddable":true,"href":"https:\/\/pastoral.manyanet.org\/wordpress\/wp-json\/wp\/v2\/users\/1"}],"replies":[{"embeddable":true,"href":"https:\/\/pastoral.manyanet.org\/wordpress\/wp-json\/wp\/v2\/comments?post=5"}],"version-history":[{"count":25,"href":"https:\/\/pastoral.manyanet.org\/wordpress\/wp-json\/wp\/v2\/pages\/5\/revisions"}],"predecessor-version":[{"id":3433,"href":"https:\/\/pastoral.manyanet.org\/wordpress\/wp-json\/wp\/v2\/pages\/5\/revisions\/3433"}],"wp:attachment":[{"href":"https:\/\/pastoral.manyanet.org\/wordpress\/wp-json\/wp\/v2\/media?parent=5"}],"curies":[{"name":"wp","href":"https:\/\/api.w.org\/{rel}","templated":true}]}}