{"id":56,"date":"2012-07-17T10:28:59","date_gmt":"2012-07-17T10:28:59","guid":{"rendered":"http:\/\/pastoral.manyanet.org\/wordpress\/?page_id=56"},"modified":"2026-03-30T14:30:53","modified_gmt":"2026-03-30T14:30:53","slug":"inici","status":"publish","type":"page","link":"https:\/\/pastoral.manyanet.org\/wordpress\/","title":{"rendered":""},"content":{"rendered":"[vc_row css=\".vc_custom_1768768858852{background-color: #fffaf2 !important;}\"][vc_column][vc_single_image image=\"6017\" img_size=\"full\" alignment=\"center\" onclick=\"custom_link\" link=\"\/wordpress\/la-pascua-de-jose-manyanet-125-anos\/\"][\/vc_column][\/vc_row][vc_row css=\".vc_custom_1768769183686{padding-top: 0px !important;padding-bottom: 40px !important;background: #fffaf2 url(https:\/\/pastoral.manyanet.org\/wordpress\/wp-content\/uploads\/2016\/08\/fons_destacats.jpg?id=4019) !important;background-position: center !important;background-repeat: no-repeat !important;background-size: contain !important;}\"][vc_column][pbr_title_heading title=\"PASCUA 2026\" style=\"v1\" descript=\"Desc\u00e1rgate los materiales. \u00a1Ya los tenemos a punto!\" font_color=\"#3f0f00\"][vc_row_inner css=\".vc_custom_1768769160260{margin-top: 0px !important;margin-bottom: 0px !important;padding-top: 0px !important;padding-bottom: 0px !important;}\"][vc_column_inner width=\"1\/3\"][pbr_title_heading title=\"Infantil\" font_color=\"#3f0f00\"][vc_single_image image=\"6119\" img_size=\"large\" onclick=\"custom_link\" link=\"\/wordpress\/infantil\/pascua-1\/\"][\/vc_column_inner][vc_column_inner width=\"1\/3\"][pbr_title_heading title=\"Primaria\" font_color=\"#3f0f00\"][vc_single_image image=\"6123\" img_size=\"large\" onclick=\"custom_link\" link=\"\/wordpress\/infantil-primaria\/pascua-2\/\"][\/vc_column_inner][vc_column_inner width=\"1\/3\"][pbr_title_heading title=\"ESO-Bachillerato\" font_color=\"#3f0f00\"][vc_single_image image=\"6130\" img_size=\"large\" onclick=\"custom_link\" link=\"\/wordpress\/eso-batxillerat\/pascua-3\/\"][\/vc_column_inner][\/vc_row_inner][\/vc_column][\/vc_row][vc_row][vc_column][vc_empty_space height=\"30px\"][\/vc_column][\/vc_row][vc_row][vc_column width=\"2\/6\"][vc_single_image image=\"5995\" img_size=\"large\" onclick=\"custom_link\" link=\"\/wordpress\/la-pascua-de-jose-manyanet-125-anos\/\" css=\".vc_custom_1766568146762{margin-bottom: 5px !important;border-bottom-width: 0px !important;padding-bottom: 0px !important;}\"][vc_btn title=\"DESCARGAR MATERIALES\" style=\"flat\" color=\"orange\" size=\"lg\" link=\"url:%2Fwordpress%2Fla-pascua-de-jose-manyanet-125-anos%2F|||\" css=\".vc_custom_1766568192169{margin-top: 0px !important;border-top-width: 0px !important;padding-top: 0px !important;}\"][\/vc_column][vc_column width=\"4\/6\"][vc_row_inner css=\".vc_custom_1543195740989{margin-top: 10px !important;margin-right: 10px !important;margin-bottom: 10px !important;margin-left: 10px !important;padding-top: 10px !important;padding-right: 10px !important;padding-bottom: 10px !important;padding-left: 10px !important;background-color: #edd7a8 !important;}\"][vc_column_inner width=\"1\/4\"][pbr_title_heading title=\"Curso 2025-26\" descript=\"Cuaresma\" font_color=\"#3f0f00\"][\/vc_column_inner][vc_column_inner width=\"1\/4\"][pbr_title_heading title=\"Infantil\" style=\"v4\" font_color=\"#3f0f00\"][vc_single_image image=\"6076\" img_size=\"large\" onclick=\"custom_link\" link=\"\/wordpress\/infantil\/quaresma-inf\/\"][\/vc_column_inner][vc_column_inner width=\"1\/4\"][pbr_title_heading title=\"Primaria\" style=\"v4\" font_color=\"#3f0f00\"][vc_single_image image=\"6081\" img_size=\"large\" onclick=\"custom_link\" link=\"\/wordpress\/infantil-primaria\/quaresma\/\"][\/vc_column_inner][vc_column_inner width=\"1\/4\"][pbr_title_heading title=\"ESO-Bachillerato\" style=\"v4\" font_color=\"#3f0f00\"][vc_single_image image=\"6085\" img_size=\"large\" onclick=\"custom_link\" link=\"\/wordpress\/eso-batxillerat\/quaresma\/\"][\/vc_column_inner][\/vc_row_inner][vc_row_inner css=\".vc_custom_1543195740989{margin-top: 10px !important;margin-right: 10px !important;margin-bottom: 10px !important;margin-left: 10px !important;padding-top: 10px !important;padding-right: 10px !important;padding-bottom: 10px !important;padding-left: 10px !important;background-color: #edd7a8 !important;}\"][vc_column_inner width=\"1\/4\"][pbr_title_heading title=\"Curso 2025-26\" descript=\"Adviento\" font_color=\"#3f0f00\"][\/vc_column_inner][vc_column_inner width=\"1\/4\"][pbr_title_heading title=\"Infantil\" style=\"v4\" font_color=\"#3f0f00\"][vc_single_image image=\"5943\" img_size=\"large\" onclick=\"custom_link\" link=\"\/wordpress\/infantil\/advent-inf\/\"][\/vc_column_inner][vc_column_inner width=\"1\/4\"][pbr_title_heading title=\"Primaria\" style=\"v4\" font_color=\"#3f0f00\"][vc_single_image image=\"5949\" img_size=\"large\" onclick=\"custom_link\" link=\"\/wordpress\/infantil-primaria\/advent\/\"][\/vc_column_inner][vc_column_inner width=\"1\/4\"][pbr_title_heading title=\"ESO-Bachillerato\" style=\"v4\" font_color=\"#3f0f00\"][vc_single_image image=\"5950\" img_size=\"large\" onclick=\"custom_link\" link=\"\/wordpress\/eso-batxillerat\/advent\/\"][\/vc_column_inner][\/vc_row_inner][vc_row_inner css=\".vc_custom_1543195740989{margin-top: 10px !important;margin-right: 10px !important;margin-bottom: 10px !important;margin-left: 10px !important;padding-top: 10px !important;padding-right: 10px !important;padding-bottom: 10px !important;padding-left: 10px !important;background-color: #edd7a8 !important;}\"][vc_column_inner width=\"1\/4\"][pbr_title_heading title=\"Curso 2025-26\" descript=\"inicio de curso 2024-25\" font_color=\"#3f0f00\"][\/vc_column_inner][vc_column_inner width=\"1\/4\"][pbr_title_heading title=\"Infantil\" style=\"v4\" font_color=\"#3f0f00\"][vc_single_image image=\"5921\" img_size=\"large\" onclick=\"custom_link\" link=\"\/wordpress\/infantil\/inici-de-curs-inf\/\"][\/vc_column_inner][vc_column_inner width=\"1\/4\"][pbr_title_heading title=\"Primaria\" style=\"v4\" font_color=\"#3f0f00\"][vc_single_image image=\"5926\" img_size=\"large\" onclick=\"custom_link\" link=\"\/wordpress\/infantil-primaria\/inici-de-curs-primaria\/\"][\/vc_column_inner][vc_column_inner width=\"1\/4\"][pbr_title_heading title=\"ESO-Bachillerato\" style=\"v4\" font_color=\"#3f0f00\"][vc_single_image image=\"5930\" img_size=\"large\" onclick=\"custom_link\" link=\"\/wordpress\/eso-batxillerat\/inici-de-curs-batx\/\"][\/vc_column_inner][\/vc_row_inner][vc_row_inner css=\".vc_custom_1543195740989{margin-top: 10px !important;margin-right: 10px !important;margin-bottom: 10px !important;margin-left: 10px !important;padding-top: 10px !important;padding-right: 10px !important;padding-bottom: 10px !important;padding-left: 10px !important;background-color: #edd7a8 !important;}\"][vc_column_inner width=\"1\/4\"][pbr_title_heading title=\"Curso 2024-25\" descript=\"Final de curso 2024-25\" font_color=\"#3f0f00\"][\/vc_column_inner][vc_column_inner width=\"1\/4\"][pbr_title_heading title=\"Infantil\" style=\"v4\" font_color=\"#3f0f00\"][vc_single_image image=\"5870\" img_size=\"large\" onclick=\"custom_link\"][\/vc_column_inner][vc_column_inner width=\"1\/4\"][pbr_title_heading title=\"Primaria\" style=\"v4\" font_color=\"#3f0f00\"][vc_single_image image=\"5874\" img_size=\"large\" onclick=\"custom_link\"][\/vc_column_inner][vc_column_inner width=\"1\/4\"][pbr_title_heading title=\"ESO-Bachillerato\" style=\"v4\" font_color=\"#3f0f00\"][vc_single_image image=\"5876\" img_size=\"large\" onclick=\"custom_link\"][\/vc_column_inner][\/vc_row_inner][\/vc_column][\/vc_row][vc_row][vc_column][vc_empty_space height=\"30px\"][\/vc_column][\/vc_row][vc_row][vc_column][vc_row_inner][vc_column_inner width=\"1\/4\"][vc_single_image image=\"4127\" img_size=\"full\" onclick=\"custom_link\" img_link_target=\"_blank\" link=\"http:\/\/orar.manyanet.org\/ca\/\"][\/vc_column_inner][vc_column_inner width=\"1\/4\"][vc_single_image image=\"4122\" img_size=\"full\"][\/vc_column_inner][vc_column_inner width=\"1\/4\"][vc_single_image image=\"4125\" img_size=\"full\" onclick=\"custom_link\" link=\"\/wordpress\/semana-manyanetiana\/\"][\/vc_column_inner][vc_column_inner width=\"1\/4\"][vc_single_image image=\"4128\" img_size=\"full\" onclick=\"custom_link\" link=\"\/wordpress\/historial\/\"][\/vc_column_inner][\/vc_row_inner][vc_empty_space height=\"50px\"][\/vc_column][\/vc_row][vc_row][vc_column width=\"2\/6\"][pbr_title_heading title=\"Links de inter\u00e9s\" style=\"v4\" font_color=\"#3f0f00\"][vc_tta_accordion][vc_tta_section title=\"Pastoral escolar\" tab_id=\"1470257994495-90ab2ad8-224dccae-7f3a\"][vc_column_text]\r\n<ul>\r\n\t<li><a href=\"http:\/\/www.lineasdefuerzasj.org\/\" onclick=\"_gaq.push(['_trackEvent', 'outbound-article', 'http:\/\/www.lineasdefuerzasj.org\/', 'http:\/\/www.lineasdefuerzasj.org\/']);\" target=\"_blank\" rel=\"noopener noreferrer\">http:\/\/www.lineasdefuerzasj.org\/<\/a><\/li>\r\n\t<li><a href=\"http:\/\/www.webdepastoral.salesians.info\" onclick=\"_gaq.push(['_trackEvent', 'outbound-article', 'http:\/\/www.webdepastoral.salesians.info', 'http:\/\/www.webdepastoral.salesians.info']);\" target=\"_blank\" rel=\"noopener noreferrer\">http:\/\/www.webdepastoral.salesians.info<\/a><\/li>\r\n\t<li><a href=\"http:\/\/www.jovenesdehonianos.org\" onclick=\"_gaq.push(['_trackEvent', 'outbound-article', 'http:\/\/www.jovenesdehonianos.org', 'http:\/\/www.jovenesdehonianos.org']);\" target=\"_blank\" rel=\"noopener noreferrer\">http:\/\/www.jovenesdehonianos.org<\/a><\/li>\r\n\t<li><a href=\"http:\/\/www.safahermanos.org\/mision\/\" onclick=\"_gaq.push(['_trackEvent', 'outbound-article', 'http:\/\/www.safahermanos.org\/mision\/', 'http:\/\/www.safahermanos.org\/mision\/']);\" target=\"_blank\" rel=\"noopener noreferrer\">http:\/\/www.safahermanos.org\/mision\/<\/a><\/li>\r\n\t<li><a href=\"http:\/\/www.reflejosdeluz.net\/\" onclick=\"_gaq.push(['_trackEvent', 'outbound-article', 'http:\/\/www.reflejosdeluz.net\/', 'http:\/\/www.reflejosdeluz.net\/']);\" target=\"_blank\" rel=\"noopener noreferrer\">http:\/\/www.reflejosdeluz.net\/<\/a><\/li>\r\n\t<li><a href=\"http:\/\/www.profesoradodereligion.com\/\" onclick=\"_gaq.push(['_trackEvent', 'outbound-article', 'http:\/\/www.profesoradodereligion.com\/', 'http:\/\/www.profesoradodereligion.com\/']);\" target=\"_blank\" rel=\"noopener noreferrer\">http:\/\/www.profesoradodereligion.com\/<\/a><\/li>\r\n\t<li><a href=\"http:\/\/www.mochilapastoral.com\" onclick=\"_gaq.push(['_trackEvent', 'outbound-article', 'http:\/\/www.mochilapastoral.com', 'http:\/\/www.mochilapastoral.com']);\" target=\"_blank\" rel=\"noopener noreferrer\">http:\/\/www.mochilapastoral.com<\/a><\/li>\r\n\t<li>Inteligencia Espiritual: <a href=\"http:\/\/innovareli.wordpress.com\/\" onclick=\"_gaq.push(['_trackEvent', 'outbound-article', 'http:\/\/innovareli.wordpress.com\/', 'http:\/\/innovareli.wordpress.com\/']);\" target=\"_blank\" rel=\"noopener noreferrer\">http:\/\/innovareli.wordpress.com\/<\/a><\/li>\r\n<\/ul>\r\n[\/vc_column_text][\/vc_tta_section][vc_tta_section title=\"Pastoral familiar\" tab_id=\"1470257994680-9b4f0435-8d62ccae-7f3a\"][vc_column_text]\r\n<ul>\r\n\t<li><a href=\"http:\/\/www.manyanet.org\/\" target=\"_blank\" rel=\"noopener noreferrer\">http:\/\/www.manyanet.org\/<\/a><\/li>\r\n\t<li><a href=\"http:\/\/www.sanjosemanyanet.blogspot.com.es\/\" onclick=\"_gaq.push(['_trackEvent', 'outbound-article', 'http:\/\/www.sanjosemanyanet.blogspot.com.es\/', 'http:\/\/www.sanjosemanyanet.blogspot.com.es\/']);\" target=\"_blank\" rel=\"noopener noreferrer\">http:\/\/www.sanjosemanyanet.blogspot.com.es\/<\/a><\/li>\r\n<\/ul>\r\n[\/vc_column_text][\/vc_tta_section][vc_tta_section title=\"Divulgaci\u00f3n \/ Documentaci\u00f3n\" tab_id=\"1470258099962-b4faa1c0-089accae-7f3a\"][vc_column_text]\r\n<ul>\r\n\t<li><a href=\"http:\/\/www.manyanet.org\/\" target=\"_blank\" rel=\"noopener noreferrer\">http:\/\/www.manyanet.org\/<\/a><\/li>\r\n\t<li><a href=\"http:\/\/www.rezandovoy.org\" onclick=\"_gaq.push(['_trackEvent', 'outbound-article', 'http:\/\/www.rezandovoy.org', 'http:\/\/www.rezandovoy.org']);\" target=\"_blank\" rel=\"noopener noreferrer\">http:\/\/www.rezandovoy.org<\/a><\/li>\r\n\t<li><a href=\"http:\/\/www.max7.org\" onclick=\"_gaq.push(['_trackEvent', 'outbound-article', 'http:\/\/www.max7.org', 'http:\/\/www.max7.org']);\" target=\"_blank\" rel=\"noopener noreferrer\">http:\/\/www.max7.org<\/a><\/li>\r\n<\/ul>\r\n[\/vc_column_text][\/vc_tta_section][\/vc_tta_accordion][\/vc_column][vc_column width=\"4\/6\"][vc_row_inner css=\".vc_custom_1470072450446{padding-top: 20px !important;background-color: #edd7a8 !important;}\"][vc_column_inner][pbr_title_heading title=\"Manyanet Solidario\" style=\"v4\"][vc_column_text]<span class=\"solidario\">La ONG Manyanet Solidario ayuda a ni\u00f1os y ni\u00f1as de Colombia y Venezuela d\u00e1ndoles la oportunidad de cursar los estudios de ense\u00f1anza b\u00e1sica as\u00ed como garantizar una vivienda digna para ellos y sus familias.<\/span>\r\n<a href=\"http:\/\/www.solidario.manyanet.org\/\" onclick=\"_gaq.push(['_trackEvent', 'outbound-article', 'http:\/\/www.solidario.manyanet.org\/', 'www.solidario.manyanet.org']);\" class=\"link_solidario\"  target=\"_blank\" rel=\"noopener noreferrer\">www.solidario.manyanet.org<\/a>[\/vc_column_text][\/vc_column_inner][\/vc_row_inner][vc_row_inner css=\".vc_custom_1472715252495{padding-top: 20px !important;padding-bottom: 20px !important;background-color: #edd7a8 !important;}\"][vc_column_inner width=\"1\/4\"][vc_single_image image=\"5781\" img_size=\"full\"][\/vc_column_inner][vc_column_inner width=\"1\/4\"][pbr_counter title=\"Paises\" number=\"8\"][\/vc_column_inner][vc_column_inner width=\"1\/4\"][pbr_counter title=\"Casas construidas\" number=\"24\"][\/vc_column_inner][vc_column_inner width=\"1\/4\"][pbr_counter title=\"Apadrinamientos\" number=\"2459\"][\/vc_column_inner][\/vc_row_inner][vc_row_inner css=\".vc_custom_1472715252495{padding-top: 20px !important;padding-bottom: 20px !important;background-color: #edd7a8 !important;}\"][vc_column_inner][vc_column_text]<span class=\"solidario\">Si quieres descargarte el material de la \"26\u00aa Campa\u00f1a de Manyanet Solidario\", clica <a href=\"\/wordpress\/dep-pastoral\/pastoral-social-vocacional\/\"><strong>AQU\u00cd<\/strong><\/a><\/span>[\/vc_column_text][\/vc_column_inner][\/vc_row_inner][\/vc_column][\/vc_row][vc_row css=\".vc_custom_1472716962250{padding-top: 50px !important;padding-bottom: 50px !important;}\"][vc_column width=\"1\/3\"][pbr_title_heading title=\"Lugares Manyanetianos\"][vc_single_image image=\"4118\" img_size=\"full\"][\/vc_column][vc_column width=\"1\/3\"][pbr_title_heading title=\"San Jos\u00e9 Manyanet\"][vc_column_text]<iframe loading=\"lazy\" src=\"https:\/\/www.youtube.com\/embed\/TGpM7bwn5wA\" width=\"100%\" height=\"315\" frameborder=\"0\" allowfullscreen=\"allowfullscreen\"><\/iframe>[\/vc_column_text][\/vc_column][vc_column width=\"1\/3\"][pbr_title_heading title=\"V\u00eddeo-oraciones\"][vc_column_text]<iframe loading=\"lazy\" src=\"https:\/\/www.youtube.com\/embed\/aFSbPDDxkrQ?list=PLE6exHYoMT1N330r991nOBx2O30bBrJR2\" width=\"100%\" height=\"315\" frameborder=\"0\" allowfullscreen=\"allowfullscreen\"><\/iframe>[\/vc_column_text][vc_column_text]Descubre todas las V\u00eddeo-oraciones que hemos preparado. <a href=\"\/wordpress\/video-oraciones\/\"><strong>Clica aqu\u00ed<\/strong><\/a>[\/vc_column_text][\/vc_column][\/vc_row]","protected":false},"excerpt":{"rendered":"<p>[vc_row css=\u00bb.vc_custom_1768768858852{background-color: #fffaf2 !important;}\u00bb][vc_column][vc_single_image image=\u00bb6017&#8243; img_size=\u00bbfull\u00bb alignment=\u00bbcenter\u00bb onclick=\u00bbcustom_link\u00bb link=\u00bb\/wordpress\/la-pascua-de-jose-manyanet-125-anos\/\u00bb][\/vc_column][\/vc_row][vc_row css=\u00bb.vc_custom_1768769183686{padding-top: 0px !important;padding-bottom: 40px !important;background: #fffaf2 url(https:\/\/pastoral.manyanet.org\/wordpress\/wp-content\/uploads\/2016\/08\/fons_destacats.jpg?id=4019) !important;background-position: center !important;background-repeat: no-repeat !important;background-size: contain !important;}\u00bb][vc_column][pbr_title_heading title=\u00bbPASCUA 2026&#8243; style=\u00bbv1&#8243; descript=\u00bbDesc\u00e1rgate los materiales. \u00a1Ya los tenemos a punto!\u00bb font_color=\u00bb#3f0f00&#8243;][vc_row_inner css=\u00bb.vc_custom_1768769160260{margin-top: 0px !important;margin-bottom: 0px !important;padding-top: 0px !important;padding-bottom: 0px !important;}\u00bb][vc_column_inner width=\u00bb1\/3&#8243;][pbr_title_heading title=\u00bbInfantil\u00bb font_color=\u00bb#3f0f00&#8243;][vc_single_image image=\u00bb6119&#8243; img_size=\u00bblarge\u00bb onclick=\u00bbcustom_link\u00bb link=\u00bb\/wordpress\/infantil\/pascua-1\/\u00bb][\/vc_column_inner][vc_column_inner width=\u00bb1\/3&#8243;][pbr_title_heading title=\u00bbPrimaria\u00bb font_color=\u00bb#3f0f00&#8243;][vc_single_image image=\u00bb6123&#8243; &hellip; <a href=\"https:\/\/pastoral.manyanet.org\/wordpress\/\" class=\"more-link\">Continue reading <span class=\"screen-reader-text\"><\/span> <span class=\"meta-nav\">&rarr;<\/span><\/a><\/p>\n","protected":false},"author":1,"featured_media":0,"parent":0,"menu_order":1,"comment_status":"closed","ping_status":"closed","template":"","meta":{"footnotes":""},"class_list":["post-56","page","type-page","status-publish","hentry"],"_links":{"self":[{"href":"https:\/\/pastoral.manyanet.org\/wordpress\/wp-json\/wp\/v2\/pages\/56","targetHints":{"allow":["GET"]}}],"collection":[{"href":"https:\/\/pastoral.manyanet.org\/wordpress\/wp-json\/wp\/v2\/pages"}],"about":[{"href":"https:\/\/pastoral.manyanet.org\/wordpress\/wp-json\/wp\/v2\/types\/page"}],"author":[{"embeddable":true,"href":"https:\/\/pastoral.manyanet.org\/wordpress\/wp-json\/wp\/v2\/users\/1"}],"replies":[{"embeddable":true,"href":"https:\/\/pastoral.manyanet.org\/wordpress\/wp-json\/wp\/v2\/comments?post=56"}],"version-history":[{"count":773,"href":"https:\/\/pastoral.manyanet.org\/wordpress\/wp-json\/wp\/v2\/pages\/56\/revisions"}],"predecessor-version":[{"id":6135,"href":"https:\/\/pastoral.manyanet.org\/wordpress\/wp-json\/wp\/v2\/pages\/56\/revisions\/6135"}],"wp:attachment":[{"href":"https:\/\/pastoral.manyanet.org\/wordpress\/wp-json\/wp\/v2\/media?parent=56"}],"curies":[{"name":"wp","href":"https:\/\/api.w.org\/{rel}","templated":true}]}}